{"id":8256,"date":"2021-06-15T20:44:17","date_gmt":"2021-06-15T20:44:17","guid":{"rendered":"https:\/\/expounire.org\/politique-de-confidentialite-2\/"},"modified":"2025-01-16T17:39:14","modified_gmt":"2025-01-16T17:39:14","slug":"politique-de-confidentialite-2","status":"publish","type":"page","link":"https:\/\/ficobaunire.org\/fr\/politique-de-confidentialite-2\/","title":{"rendered":"Politique de confidentialit\u00e9"},"content":{"rendered":"\t\t<div data-elementor-type=\"wp-page\" data-elementor-id=\"8256\" class=\"elementor elementor-8256 elementor-3677\" data-elementor-post-type=\"page\">\n\t\t\t\t<div class=\"elementor-element elementor-element-c75658b e-flex e-con-boxed e-con e-parent\" data-id=\"c75658b\" data-element_type=\"container\">\n\t\t\t\t\t<div class=\"e-con-inner\">\n\t\t\t\t<div class=\"elementor-element elementor-element-43b8a10 elementor-widget elementor-widget-heading\" data-id=\"43b8a10\" data-element_type=\"widget\" data-widget_type=\"heading.default\">\n\t\t\t\t<div class=\"elementor-widget-container\">\n\t\t\t\t\t<h3 class=\"elementor-heading-title elementor-size-default\">Politique de confidentialit\u00e9<\/h3>\t\t\t\t<\/div>\n\t\t\t\t<\/div>\n\t\t\t\t<div class=\"elementor-element elementor-element-6530e3c elementor-widget-divider--view-line elementor-widget elementor-widget-divider\" data-id=\"6530e3c\" data-element_type=\"widget\" data-widget_type=\"divider.default\">\n\t\t\t\t<div class=\"elementor-widget-container\">\n\t\t\t\t\t\t\t<div class=\"elementor-divider\">\n\t\t\t<span class=\"elementor-divider-separator\">\n\t\t\t\t\t\t<\/span>\n\t\t<\/div>\n\t\t\t\t\t\t<\/div>\n\t\t\t\t<\/div>\n\t\t\t\t\t<\/div>\n\t\t\t\t<\/div>\n\t\t<div class=\"elementor-element elementor-element-866bb74 e-flex e-con-boxed e-con e-parent\" data-id=\"866bb74\" data-element_type=\"container\">\n\t\t\t\t\t<div class=\"e-con-inner\">\n\t\t\t\t<div class=\"elementor-element elementor-element-26ee0c3 elementor-widget elementor-widget-text-editor\" data-id=\"26ee0c3\" data-element_type=\"widget\" data-widget_type=\"text-editor.default\">\n\t\t\t\t<div class=\"elementor-widget-container\">\n\t\t\t\t\t\t\t\t\t<p>Conform\u00e9ment \u00e0 ce qui est \u00e9tabli dans le r\u00e8glement. UE 2016\/679 et dans <a class=\"link-enlace\" title=\"Se abrir\u00e1 en ventana nueva\" href=\"https:\/\/www.ficoba.org\/es\/politica-de-privacidad\/\" target=\"_blank\" rel=\"external noopener\">notre politique de confidentialit\u00e9 qui se trouve sur www.ficoba.org<\/a>, vous \u00eates inform\u00e9 que les coordonn\u00e9es que vous nous communiquez seront incorpor\u00e9es dans les fichiers de FONDATION FICOBA afin de vous informer des futurs \u00e9v\u00e9nements. Vous pouvez exercer votre droit d\u2019acc\u00e8s, de rectification, de suppression et droit \u00e0 l\u2019oubli, limitation, portabilit\u00e9 et d\u2019opposition par une communication adress\u00e9e \u00e0 FONDATION FICOBA (Avda. Iparralde, 43 Irun) ou \u00e0 <a class=\"link-enlace\" href=\"mailto:ficoba@ficoba.org\">ficoba@ficoba.org.<\/a>  <\/p>\n\t\t\t\t\t\t\t\t<\/div>\n\t\t\t\t<\/div>\n\t\t\t\t\t<\/div>\n\t\t\t\t<\/div>\n\t\t\t\t<\/div>\n\t\t","protected":false},"excerpt":{"rendered":"<p>Politique de confidentialit\u00e9 Conform\u00e9ment \u00e0 ce qui est \u00e9tabli dans le r\u00e8glement. UE 2016\/679 et dans notre politique de confidentialit\u00e9 qui se trouve sur www.ficoba.org, vous \u00eates inform\u00e9 que les coordonn\u00e9es que vous nous communiquez seront incorpor\u00e9es dans les fichiers de FONDATION FICOBA afin de vous informer des futurs \u00e9v\u00e9nements. Vous pouvez exercer votre droit [&hellip;]<\/p>\n","protected":false},"author":8,"featured_media":0,"parent":0,"menu_order":0,"comment_status":"closed","ping_status":"closed","template":"","meta":{"footnotes":""},"class_list":["post-8256","page","type-page","status-publish","hentry"],"yoast_head":"<!-- This site is optimized with the Yoast SEO plugin v26.8 - https:\/\/yoast.com\/product\/yoast-seo-wordpress\/ -->\n<title>Politique de confidentialit\u00e9 - Unire<\/title>\n<meta name=\"robots\" content=\"index, follow, max-snippet:-1, max-image-preview:large, max-video-preview:-1\" \/>\n<link rel=\"canonical\" href=\"https:\/\/ficobaunire.org\/fr\/politique-de-confidentialite-2\/\" \/>\n<meta property=\"og:locale\" content=\"fr_FR\" \/>\n<meta property=\"og:type\" content=\"article\" \/>\n<meta property=\"og:title\" content=\"Politique de confidentialit\u00e9 - Unire\" \/>\n<meta property=\"og:description\" content=\"Politique de confidentialit\u00e9 Conform\u00e9ment \u00e0 ce qui est \u00e9tabli dans le r\u00e8glement. UE 2016\/679 et dans notre politique de confidentialit\u00e9 qui se trouve sur www.ficoba.org, vous \u00eates inform\u00e9 que les coordonn\u00e9es que vous nous communiquez seront incorpor\u00e9es dans les fichiers de FONDATION FICOBA afin de vous informer des futurs \u00e9v\u00e9nements. Vous pouvez exercer votre droit [&hellip;]\" \/>\n<meta property=\"og:url\" content=\"https:\/\/ficobaunire.org\/fr\/politique-de-confidentialite-2\/\" \/>\n<meta property=\"og:site_name\" content=\"Unire\" \/>\n<meta property=\"article:modified_time\" content=\"2025-01-16T17:39:14+00:00\" \/>\n<meta name=\"twitter:card\" content=\"summary_large_image\" \/>\n<script type=\"application\/ld+json\" class=\"yoast-schema-graph\">{\"@context\":\"https:\/\/schema.org\",\"@graph\":[{\"@type\":\"WebPage\",\"@id\":\"https:\/\/ficobaunire.org\/fr\/politique-de-confidentialite-2\/\",\"url\":\"https:\/\/ficobaunire.org\/fr\/politique-de-confidentialite-2\/\",\"name\":\"Politique de confidentialit\u00e9 - Unire\",\"isPartOf\":{\"@id\":\"https:\/\/ficobaunire.org\/#website\"},\"datePublished\":\"2021-06-15T20:44:17+00:00\",\"dateModified\":\"2025-01-16T17:39:14+00:00\",\"breadcrumb\":{\"@id\":\"https:\/\/ficobaunire.org\/fr\/politique-de-confidentialite-2\/#breadcrumb\"},\"inLanguage\":\"fr-FR\",\"potentialAction\":[{\"@type\":\"ReadAction\",\"target\":[\"https:\/\/ficobaunire.org\/fr\/politique-de-confidentialite-2\/\"]}]},{\"@type\":\"BreadcrumbList\",\"@id\":\"https:\/\/ficobaunire.org\/fr\/politique-de-confidentialite-2\/#breadcrumb\",\"itemListElement\":[{\"@type\":\"ListItem\",\"position\":1,\"name\":\"Portada\",\"item\":\"https:\/\/ficobaunire.org\/fr\/home\/\"},{\"@type\":\"ListItem\",\"position\":2,\"name\":\"Politique de confidentialit\u00e9\"}]},{\"@type\":\"WebSite\",\"@id\":\"https:\/\/ficobaunire.org\/#website\",\"url\":\"https:\/\/ficobaunire.org\/\",\"name\":\"Unire\",\"description\":\"SALON PROFESSIONNEL DE LA SOUDURE ET D'AUTRES TECHNOLOGIES DE JONCTION\",\"publisher\":{\"@id\":\"https:\/\/ficobaunire.org\/#organization\"},\"potentialAction\":[{\"@type\":\"SearchAction\",\"target\":{\"@type\":\"EntryPoint\",\"urlTemplate\":\"https:\/\/ficobaunire.org\/?s={search_term_string}\"},\"query-input\":{\"@type\":\"PropertyValueSpecification\",\"valueRequired\":true,\"valueName\":\"search_term_string\"}}],\"inLanguage\":\"fr-FR\"},{\"@type\":\"Organization\",\"@id\":\"https:\/\/ficobaunire.org\/#organization\",\"name\":\"Unire\",\"url\":\"https:\/\/ficobaunire.org\/\",\"logo\":{\"@type\":\"ImageObject\",\"inLanguage\":\"fr-FR\",\"@id\":\"https:\/\/ficobaunire.org\/#\/schema\/logo\/image\/\",\"url\":\"https:\/\/ficobaunire.org\/wp-content\/uploads\/2024\/10\/logo_unire_LI.png\",\"contentUrl\":\"https:\/\/ficobaunire.org\/wp-content\/uploads\/2024\/10\/logo_unire_LI.png\",\"width\":130,\"height\":48,\"caption\":\"Unire\"},\"image\":{\"@id\":\"https:\/\/ficobaunire.org\/#\/schema\/logo\/image\/\"}}]}<\/script>\n<!-- \/ Yoast SEO plugin. -->","yoast_head_json":{"title":"Politique de confidentialit\u00e9 - Unire","robots":{"index":"index","follow":"follow","max-snippet":"max-snippet:-1","max-image-preview":"max-image-preview:large","max-video-preview":"max-video-preview:-1"},"canonical":"https:\/\/ficobaunire.org\/fr\/politique-de-confidentialite-2\/","og_locale":"fr_FR","og_type":"article","og_title":"Politique de confidentialit\u00e9 - Unire","og_description":"Politique de confidentialit\u00e9 Conform\u00e9ment \u00e0 ce qui est \u00e9tabli dans le r\u00e8glement. UE 2016\/679 et dans notre politique de confidentialit\u00e9 qui se trouve sur www.ficoba.org, vous \u00eates inform\u00e9 que les coordonn\u00e9es que vous nous communiquez seront incorpor\u00e9es dans les fichiers de FONDATION FICOBA afin de vous informer des futurs \u00e9v\u00e9nements. Vous pouvez exercer votre droit [&hellip;]","og_url":"https:\/\/ficobaunire.org\/fr\/politique-de-confidentialite-2\/","og_site_name":"Unire","article_modified_time":"2025-01-16T17:39:14+00:00","twitter_card":"summary_large_image","schema":{"@context":"https:\/\/schema.org","@graph":[{"@type":"WebPage","@id":"https:\/\/ficobaunire.org\/fr\/politique-de-confidentialite-2\/","url":"https:\/\/ficobaunire.org\/fr\/politique-de-confidentialite-2\/","name":"Politique de confidentialit\u00e9 - Unire","isPartOf":{"@id":"https:\/\/ficobaunire.org\/#website"},"datePublished":"2021-06-15T20:44:17+00:00","dateModified":"2025-01-16T17:39:14+00:00","breadcrumb":{"@id":"https:\/\/ficobaunire.org\/fr\/politique-de-confidentialite-2\/#breadcrumb"},"inLanguage":"fr-FR","potentialAction":[{"@type":"ReadAction","target":["https:\/\/ficobaunire.org\/fr\/politique-de-confidentialite-2\/"]}]},{"@type":"BreadcrumbList","@id":"https:\/\/ficobaunire.org\/fr\/politique-de-confidentialite-2\/#breadcrumb","itemListElement":[{"@type":"ListItem","position":1,"name":"Portada","item":"https:\/\/ficobaunire.org\/fr\/home\/"},{"@type":"ListItem","position":2,"name":"Politique de confidentialit\u00e9"}]},{"@type":"WebSite","@id":"https:\/\/ficobaunire.org\/#website","url":"https:\/\/ficobaunire.org\/","name":"Unire","description":"SALON PROFESSIONNEL DE LA SOUDURE ET D'AUTRES TECHNOLOGIES DE JONCTION","publisher":{"@id":"https:\/\/ficobaunire.org\/#organization"},"potentialAction":[{"@type":"SearchAction","target":{"@type":"EntryPoint","urlTemplate":"https:\/\/ficobaunire.org\/?s={search_term_string}"},"query-input":{"@type":"PropertyValueSpecification","valueRequired":true,"valueName":"search_term_string"}}],"inLanguage":"fr-FR"},{"@type":"Organization","@id":"https:\/\/ficobaunire.org\/#organization","name":"Unire","url":"https:\/\/ficobaunire.org\/","logo":{"@type":"ImageObject","inLanguage":"fr-FR","@id":"https:\/\/ficobaunire.org\/#\/schema\/logo\/image\/","url":"https:\/\/ficobaunire.org\/wp-content\/uploads\/2024\/10\/logo_unire_LI.png","contentUrl":"https:\/\/ficobaunire.org\/wp-content\/uploads\/2024\/10\/logo_unire_LI.png","width":130,"height":48,"caption":"Unire"},"image":{"@id":"https:\/\/ficobaunire.org\/#\/schema\/logo\/image\/"}}]}},"_links":{"self":[{"href":"https:\/\/ficobaunire.org\/fr\/wp-json\/wp\/v2\/pages\/8256","targetHints":{"allow":["GET"]}}],"collection":[{"href":"https:\/\/ficobaunire.org\/fr\/wp-json\/wp\/v2\/pages"}],"about":[{"href":"https:\/\/ficobaunire.org\/fr\/wp-json\/wp\/v2\/types\/page"}],"author":[{"embeddable":true,"href":"https:\/\/ficobaunire.org\/fr\/wp-json\/wp\/v2\/users\/8"}],"replies":[{"embeddable":true,"href":"https:\/\/ficobaunire.org\/fr\/wp-json\/wp\/v2\/comments?post=8256"}],"version-history":[{"count":12,"href":"https:\/\/ficobaunire.org\/fr\/wp-json\/wp\/v2\/pages\/8256\/revisions"}],"predecessor-version":[{"id":21326,"href":"https:\/\/ficobaunire.org\/fr\/wp-json\/wp\/v2\/pages\/8256\/revisions\/21326"}],"wp:attachment":[{"href":"https:\/\/ficobaunire.org\/fr\/wp-json\/wp\/v2\/media?parent=8256"}],"curies":[{"name":"wp","href":"https:\/\/api.w.org\/{rel}","templated":true}]}}