{"id":8009,"date":"2021-06-15T09:00:57","date_gmt":"2021-06-15T09:00:57","guid":{"rendered":"https:\/\/expounire.org\/comite-technique\/"},"modified":"2025-03-24T15:31:09","modified_gmt":"2025-03-24T15:31:09","slug":"comite-technique","status":"publish","type":"page","link":"https:\/\/ficobaunire.org\/fr\/comite-technique\/","title":{"rendered":"Comit\u00e9 technique"},"content":{"rendered":"\t\t<div data-elementor-type=\"wp-page\" data-elementor-id=\"8009\" class=\"elementor elementor-8009 elementor-7448\" data-elementor-post-type=\"page\">\n\t\t\t\t<div class=\"elementor-element elementor-element-5b5decc e-flex e-con-boxed e-con e-parent\" data-id=\"5b5decc\" data-element_type=\"container\">\n\t\t\t\t\t<div class=\"e-con-inner\">\n\t\t\t\t<div class=\"elementor-element elementor-element-430043c elementor-widget elementor-widget-heading\" data-id=\"430043c\" data-element_type=\"widget\" data-widget_type=\"heading.default\">\n\t\t\t\t<div class=\"elementor-widget-container\">\n\t\t\t\t\t<h1 class=\"elementor-heading-title elementor-size-default\">COMIT\u00c9 TECHNIQUE\n<\/h1>\t\t\t\t<\/div>\n\t\t\t\t<\/div>\n\t\t\t\t<div class=\"elementor-element elementor-element-86cc333 elementor-widget-divider--view-line elementor-widget elementor-widget-divider\" data-id=\"86cc333\" data-element_type=\"widget\" data-widget_type=\"divider.default\">\n\t\t\t\t<div class=\"elementor-widget-container\">\n\t\t\t\t\t\t\t<div class=\"elementor-divider\">\n\t\t\t<span class=\"elementor-divider-separator\">\n\t\t\t\t\t\t<\/span>\n\t\t<\/div>\n\t\t\t\t\t\t<\/div>\n\t\t\t\t<\/div>\n\t\t\t\t\t<\/div>\n\t\t\t\t<\/div>\n\t\t<div class=\"elementor-element elementor-element-94f599f e-con-full e-flex e-con e-parent\" data-id=\"94f599f\" data-element_type=\"container\" data-settings=\"{&quot;background_background&quot;:&quot;classic&quot;}\">\n\t\t<div class=\"elementor-element elementor-element-9fd1dde e-con-full e-flex e-con e-child\" data-id=\"9fd1dde\" data-element_type=\"container\">\n\t\t\t\t<div class=\"elementor-element elementor-element-4314d89 elementor-widget elementor-widget-text-editor\" data-id=\"4314d89\" data-element_type=\"widget\" data-widget_type=\"text-editor.default\">\n\t\t\t\t<div class=\"elementor-widget-container\">\n\t\t\t\t\t\t\t\t\t<h2 class=\"vc_custom_heading vc_do_custom_heading\">UNIRE dispose d&rsquo;un Comit\u00e9 Technique compos\u00e9 des principales entreprises et clusters du secteur. La t\u00e2che du Comit\u00e9 est de conseiller l\u2019\u00e9quipe organisatrice et de collaborer \u00e0 l&rsquo;organisation pour le meilleur fonctionnement de l&rsquo;\u00e9v\u00e9nement. <\/h2>\n\t\t\t\t\t\t\t\t<\/div>\n\t\t\t\t<\/div>\n\t\t\t\t<\/div>\n\t\t\t\t<\/div>\n\t\t<div class=\"elementor-element elementor-element-f21be08 e-flex e-con-boxed e-con e-parent\" data-id=\"f21be08\" data-element_type=\"container\" data-settings=\"{&quot;background_background&quot;:&quot;classic&quot;}\">\n\t\t\t\t\t<div class=\"e-con-inner\">\n\t\t<div class=\"elementor-element elementor-element-398915c e-con-full e-flex e-con e-child\" data-id=\"398915c\" data-element_type=\"container\">\n\t\t\t\t<div class=\"elementor-element elementor-element-f4783a8 elementor-widget elementor-widget-image-gallery\" data-id=\"f4783a8\" data-element_type=\"widget\" data-widget_type=\"image-gallery.default\">\n\t\t\t\t<div class=\"elementor-widget-container\">\n\t\t\t\t\t\t\t<div class=\"elementor-image-gallery\">\n\t\t\t<div id='gallery-1' class='gallery galleryid-8009 gallery-columns-5 gallery-size-full'><figure class='gallery-item'>\n\t\t\t<div class='gallery-icon landscape'>\n\t\t\t\t<img decoding=\"async\" width=\"300\" height=\"150\" src=\"https:\/\/ficobaunire.org\/wp-content\/uploads\/2024\/11\/1.-Gipuzkoako-Foru-Aldundia-300x150-1.png\" class=\"attachment-full size-full\" alt=\"\" \/>\n\t\t\t<\/div><\/figure><figure class='gallery-item'>\n\t\t\t<div class='gallery-icon landscape'>\n\t\t\t\t<img decoding=\"async\" width=\"300\" height=\"150\" src=\"https:\/\/ficobaunire.org\/wp-content\/uploads\/2024\/11\/2.-CESOL-300x150-1.png\" class=\"attachment-full size-full\" alt=\"\" \/>\n\t\t\t<\/div><\/figure><figure class='gallery-item'>\n\t\t\t<div class='gallery-icon landscape'>\n\t\t\t\t<img decoding=\"async\" width=\"300\" height=\"150\" src=\"https:\/\/ficobaunire.org\/wp-content\/uploads\/2022\/07\/CTN-14.png\" class=\"attachment-full size-full\" alt=\"\" \/>\n\t\t\t<\/div><\/figure><figure class='gallery-item'>\n\t\t\t<div class='gallery-icon landscape'>\n\t\t\t\t<img loading=\"lazy\" decoding=\"async\" width=\"300\" height=\"150\" src=\"https:\/\/ficobaunire.org\/wp-content\/uploads\/2025\/03\/spri-y-gv.png\" class=\"attachment-full size-full\" alt=\"\" \/>\n\t\t\t<\/div><\/figure><figure class='gallery-item'>\n\t\t\t<div class='gallery-icon landscape'>\n\t\t\t\t<img loading=\"lazy\" decoding=\"async\" width=\"300\" height=\"150\" src=\"https:\/\/ficobaunire.org\/wp-content\/uploads\/2024\/11\/5.-Ficoba-300x150-1.png\" class=\"attachment-full size-full\" alt=\"\" \/>\n\t\t\t<\/div><\/figure><figure class='gallery-item'>\n\t\t\t<div class='gallery-icon landscape'>\n\t\t\t\t<img loading=\"lazy\" decoding=\"async\" width=\"300\" height=\"150\" src=\"https:\/\/ficobaunire.org\/wp-content\/uploads\/2024\/11\/6.-Lortek-300x150-1.png\" class=\"attachment-full size-full\" alt=\"\" \/>\n\t\t\t<\/div><\/figure><figure class='gallery-item'>\n\t\t\t<div class='gallery-icon landscape'>\n\t\t\t\t<img loading=\"lazy\" decoding=\"async\" width=\"300\" height=\"150\" src=\"https:\/\/ficobaunire.org\/wp-content\/uploads\/2024\/11\/7.-Tecnalia-300x150-1.png\" class=\"attachment-full size-full\" alt=\"\" \/>\n\t\t\t<\/div><\/figure><figure class='gallery-item'>\n\t\t\t<div class='gallery-icon landscape'>\n\t\t\t\t<img loading=\"lazy\" decoding=\"async\" width=\"300\" height=\"150\" src=\"https:\/\/ficobaunire.org\/wp-content\/uploads\/2024\/11\/8.-Fronius-300x150-1.png\" class=\"attachment-full size-full\" alt=\"\" \/>\n\t\t\t<\/div><\/figure><figure class='gallery-item'>\n\t\t\t<div class='gallery-icon landscape'>\n\t\t\t\t<img loading=\"lazy\" decoding=\"async\" width=\"300\" height=\"150\" src=\"https:\/\/ficobaunire.org\/wp-content\/uploads\/2024\/11\/9.-Nippon-Gases-300x150-1.png\" class=\"attachment-full size-full\" alt=\"\" \/>\n\t\t\t<\/div><\/figure><figure class='gallery-item'>\n\t\t\t<div class='gallery-icon landscape'>\n\t\t\t\t<img loading=\"lazy\" decoding=\"async\" width=\"300\" height=\"150\" src=\"https:\/\/ficobaunire.org\/wp-content\/uploads\/2024\/11\/10.-Adegi-300x150-1.png\" class=\"attachment-full size-full\" alt=\"\" \/>\n\t\t\t<\/div><\/figure><figure class='gallery-item'>\n\t\t\t<div class='gallery-icon landscape'>\n\t\t\t\t<img loading=\"lazy\" decoding=\"async\" width=\"300\" height=\"150\" src=\"https:\/\/ficobaunire.org\/wp-content\/uploads\/2024\/11\/11.-EIT-300x150-1.png\" class=\"attachment-full size-full\" alt=\"\" \/>\n\t\t\t<\/div><\/figure><figure class='gallery-item'>\n\t\t\t<div class='gallery-icon landscape'>\n\t\t\t\t<img loading=\"lazy\" decoding=\"async\" width=\"300\" height=\"150\" src=\"https:\/\/ficobaunire.org\/wp-content\/uploads\/2024\/11\/12.-Goierri-Eskola-300x150-1.png\" class=\"attachment-full size-full\" alt=\"\" \/>\n\t\t\t<\/div><\/figure><figure class='gallery-item'>\n\t\t\t<div class='gallery-icon landscape'>\n\t\t\t\t<img loading=\"lazy\" decoding=\"async\" width=\"300\" height=\"150\" src=\"https:\/\/ficobaunire.org\/wp-content\/uploads\/2024\/11\/13.-Tknika-300x150-1.png\" class=\"attachment-full size-full\" alt=\"\" \/>\n\t\t\t<\/div><\/figure><figure class='gallery-item'>\n\t\t\t<div class='gallery-icon landscape'>\n\t\t\t\t<img loading=\"lazy\" decoding=\"async\" width=\"300\" height=\"150\" src=\"https:\/\/ficobaunire.org\/wp-content\/uploads\/2024\/11\/14.-Tolosaldea-300x150-1.png\" class=\"attachment-full size-full\" alt=\"\" \/>\n\t\t\t<\/div><\/figure><figure class='gallery-item'>\n\t\t\t<div class='gallery-icon landscape'>\n\t\t\t\t<img loading=\"lazy\" decoding=\"async\" width=\"300\" height=\"150\" src=\"https:\/\/ficobaunire.org\/wp-content\/uploads\/2025\/01\/camara-300x150-1.png\" class=\"attachment-full size-full\" alt=\"\" \/>\n\t\t\t<\/div><\/figure><figure class='gallery-item'>\n\t\t\t<div class='gallery-icon landscape'>\n\t\t\t\t<img loading=\"lazy\" decoding=\"async\" width=\"300\" height=\"150\" src=\"https:\/\/ficobaunire.org\/wp-content\/uploads\/2024\/11\/16.-Ingeniariak-300x150-1.png\" class=\"attachment-full size-full\" alt=\"\" \/>\n\t\t\t<\/div><\/figure><figure class='gallery-item'>\n\t\t\t<div class='gallery-icon landscape'>\n\t\t\t\t<img loading=\"lazy\" decoding=\"async\" width=\"300\" height=\"150\" src=\"https:\/\/ficobaunire.org\/wp-content\/uploads\/2024\/11\/17.-BRTA-300x150-1.png\" class=\"attachment-full size-full\" alt=\"\" \/>\n\t\t\t<\/div><\/figure>\n\t\t<\/div>\n\t\t<\/div>\n\t\t\t\t\t\t<\/div>\n\t\t\t\t<\/div>\n\t\t\t\t<\/div>\n\t\t\t\t\t<\/div>\n\t\t\t\t<\/div>\n\t\t\t\t<\/div>\n\t\t","protected":false},"excerpt":{"rendered":"<p>COMIT\u00c9 TECHNIQUE UNIRE dispose d&rsquo;un Comit\u00e9 Technique compos\u00e9 des principales entreprises et clusters du secteur. La t\u00e2che du Comit\u00e9 est de conseiller l\u2019\u00e9quipe organisatrice et de collaborer \u00e0 l&rsquo;organisation pour le meilleur fonctionnement de l&rsquo;\u00e9v\u00e9nement.<\/p>\n","protected":false},"author":8,"featured_media":0,"parent":0,"menu_order":0,"comment_status":"closed","ping_status":"closed","template":"","meta":{"footnotes":""},"class_list":["post-8009","page","type-page","status-publish","hentry"],"yoast_head":"<!-- This site is optimized with the Yoast SEO plugin v26.8 - https:\/\/yoast.com\/product\/yoast-seo-wordpress\/ -->\n<title>Comit\u00e9 technique - Unire<\/title>\n<meta name=\"robots\" content=\"index, follow, max-snippet:-1, max-image-preview:large, max-video-preview:-1\" \/>\n<link rel=\"canonical\" href=\"https:\/\/ficobaunire.org\/fr\/comite-technique\/\" \/>\n<meta property=\"og:locale\" content=\"fr_FR\" \/>\n<meta property=\"og:type\" content=\"article\" \/>\n<meta property=\"og:title\" content=\"Comit\u00e9 technique - Unire\" \/>\n<meta property=\"og:description\" content=\"COMIT\u00c9 TECHNIQUE UNIRE dispose d&rsquo;un Comit\u00e9 Technique compos\u00e9 des principales entreprises et clusters du secteur. La t\u00e2che du Comit\u00e9 est de conseiller l\u2019\u00e9quipe organisatrice et de collaborer \u00e0 l&rsquo;organisation pour le meilleur fonctionnement de l&rsquo;\u00e9v\u00e9nement.\" \/>\n<meta property=\"og:url\" content=\"https:\/\/ficobaunire.org\/fr\/comite-technique\/\" \/>\n<meta property=\"og:site_name\" content=\"Unire\" \/>\n<meta property=\"article:modified_time\" content=\"2025-03-24T15:31:09+00:00\" \/>\n<meta property=\"og:image\" content=\"https:\/\/ficobaunire.org\/wp-content\/uploads\/2024\/11\/1.-Gipuzkoako-Foru-Aldundia-300x150-1.png\" \/>\n<meta name=\"twitter:card\" content=\"summary_large_image\" \/>\n<script type=\"application\/ld+json\" class=\"yoast-schema-graph\">{\"@context\":\"https:\/\/schema.org\",\"@graph\":[{\"@type\":\"WebPage\",\"@id\":\"https:\/\/ficobaunire.org\/fr\/comite-technique\/\",\"url\":\"https:\/\/ficobaunire.org\/fr\/comite-technique\/\",\"name\":\"Comit\u00e9 technique - Unire\",\"isPartOf\":{\"@id\":\"https:\/\/ficobaunire.org\/#website\"},\"primaryImageOfPage\":{\"@id\":\"https:\/\/ficobaunire.org\/fr\/comite-technique\/#primaryimage\"},\"image\":{\"@id\":\"https:\/\/ficobaunire.org\/fr\/comite-technique\/#primaryimage\"},\"thumbnailUrl\":\"https:\/\/ficobaunire.org\/wp-content\/uploads\/2024\/11\/1.-Gipuzkoako-Foru-Aldundia-300x150-1.png\",\"datePublished\":\"2021-06-15T09:00:57+00:00\",\"dateModified\":\"2025-03-24T15:31:09+00:00\",\"breadcrumb\":{\"@id\":\"https:\/\/ficobaunire.org\/fr\/comite-technique\/#breadcrumb\"},\"inLanguage\":\"fr-FR\",\"potentialAction\":[{\"@type\":\"ReadAction\",\"target\":[\"https:\/\/ficobaunire.org\/fr\/comite-technique\/\"]}]},{\"@type\":\"ImageObject\",\"inLanguage\":\"fr-FR\",\"@id\":\"https:\/\/ficobaunire.org\/fr\/comite-technique\/#primaryimage\",\"url\":\"https:\/\/ficobaunire.org\/wp-content\/uploads\/2024\/11\/1.-Gipuzkoako-Foru-Aldundia-300x150-1.png\",\"contentUrl\":\"https:\/\/ficobaunire.org\/wp-content\/uploads\/2024\/11\/1.-Gipuzkoako-Foru-Aldundia-300x150-1.png\"},{\"@type\":\"BreadcrumbList\",\"@id\":\"https:\/\/ficobaunire.org\/fr\/comite-technique\/#breadcrumb\",\"itemListElement\":[{\"@type\":\"ListItem\",\"position\":1,\"name\":\"Portada\",\"item\":\"https:\/\/ficobaunire.org\/fr\/home\/\"},{\"@type\":\"ListItem\",\"position\":2,\"name\":\"Comit\u00e9 technique\"}]},{\"@type\":\"WebSite\",\"@id\":\"https:\/\/ficobaunire.org\/#website\",\"url\":\"https:\/\/ficobaunire.org\/\",\"name\":\"Unire\",\"description\":\"SALON PROFESSIONNEL DE LA SOUDURE ET D'AUTRES TECHNOLOGIES DE JONCTION\",\"publisher\":{\"@id\":\"https:\/\/ficobaunire.org\/#organization\"},\"potentialAction\":[{\"@type\":\"SearchAction\",\"target\":{\"@type\":\"EntryPoint\",\"urlTemplate\":\"https:\/\/ficobaunire.org\/?s={search_term_string}\"},\"query-input\":{\"@type\":\"PropertyValueSpecification\",\"valueRequired\":true,\"valueName\":\"search_term_string\"}}],\"inLanguage\":\"fr-FR\"},{\"@type\":\"Organization\",\"@id\":\"https:\/\/ficobaunire.org\/#organization\",\"name\":\"Unire\",\"url\":\"https:\/\/ficobaunire.org\/\",\"logo\":{\"@type\":\"ImageObject\",\"inLanguage\":\"fr-FR\",\"@id\":\"https:\/\/ficobaunire.org\/#\/schema\/logo\/image\/\",\"url\":\"https:\/\/ficobaunire.org\/wp-content\/uploads\/2024\/10\/logo_unire_LI.png\",\"contentUrl\":\"https:\/\/ficobaunire.org\/wp-content\/uploads\/2024\/10\/logo_unire_LI.png\",\"width\":130,\"height\":48,\"caption\":\"Unire\"},\"image\":{\"@id\":\"https:\/\/ficobaunire.org\/#\/schema\/logo\/image\/\"}}]}<\/script>\n<!-- \/ Yoast SEO plugin. -->","yoast_head_json":{"title":"Comit\u00e9 technique - Unire","robots":{"index":"index","follow":"follow","max-snippet":"max-snippet:-1","max-image-preview":"max-image-preview:large","max-video-preview":"max-video-preview:-1"},"canonical":"https:\/\/ficobaunire.org\/fr\/comite-technique\/","og_locale":"fr_FR","og_type":"article","og_title":"Comit\u00e9 technique - Unire","og_description":"COMIT\u00c9 TECHNIQUE UNIRE dispose d&rsquo;un Comit\u00e9 Technique compos\u00e9 des principales entreprises et clusters du secteur. La t\u00e2che du Comit\u00e9 est de conseiller l\u2019\u00e9quipe organisatrice et de collaborer \u00e0 l&rsquo;organisation pour le meilleur fonctionnement de l&rsquo;\u00e9v\u00e9nement.","og_url":"https:\/\/ficobaunire.org\/fr\/comite-technique\/","og_site_name":"Unire","article_modified_time":"2025-03-24T15:31:09+00:00","og_image":[{"url":"https:\/\/ficobaunire.org\/wp-content\/uploads\/2024\/11\/1.-Gipuzkoako-Foru-Aldundia-300x150-1.png","type":"","width":"","height":""}],"twitter_card":"summary_large_image","schema":{"@context":"https:\/\/schema.org","@graph":[{"@type":"WebPage","@id":"https:\/\/ficobaunire.org\/fr\/comite-technique\/","url":"https:\/\/ficobaunire.org\/fr\/comite-technique\/","name":"Comit\u00e9 technique - Unire","isPartOf":{"@id":"https:\/\/ficobaunire.org\/#website"},"primaryImageOfPage":{"@id":"https:\/\/ficobaunire.org\/fr\/comite-technique\/#primaryimage"},"image":{"@id":"https:\/\/ficobaunire.org\/fr\/comite-technique\/#primaryimage"},"thumbnailUrl":"https:\/\/ficobaunire.org\/wp-content\/uploads\/2024\/11\/1.-Gipuzkoako-Foru-Aldundia-300x150-1.png","datePublished":"2021-06-15T09:00:57+00:00","dateModified":"2025-03-24T15:31:09+00:00","breadcrumb":{"@id":"https:\/\/ficobaunire.org\/fr\/comite-technique\/#breadcrumb"},"inLanguage":"fr-FR","potentialAction":[{"@type":"ReadAction","target":["https:\/\/ficobaunire.org\/fr\/comite-technique\/"]}]},{"@type":"ImageObject","inLanguage":"fr-FR","@id":"https:\/\/ficobaunire.org\/fr\/comite-technique\/#primaryimage","url":"https:\/\/ficobaunire.org\/wp-content\/uploads\/2024\/11\/1.-Gipuzkoako-Foru-Aldundia-300x150-1.png","contentUrl":"https:\/\/ficobaunire.org\/wp-content\/uploads\/2024\/11\/1.-Gipuzkoako-Foru-Aldundia-300x150-1.png"},{"@type":"BreadcrumbList","@id":"https:\/\/ficobaunire.org\/fr\/comite-technique\/#breadcrumb","itemListElement":[{"@type":"ListItem","position":1,"name":"Portada","item":"https:\/\/ficobaunire.org\/fr\/home\/"},{"@type":"ListItem","position":2,"name":"Comit\u00e9 technique"}]},{"@type":"WebSite","@id":"https:\/\/ficobaunire.org\/#website","url":"https:\/\/ficobaunire.org\/","name":"Unire","description":"SALON PROFESSIONNEL DE LA SOUDURE ET D'AUTRES TECHNOLOGIES DE JONCTION","publisher":{"@id":"https:\/\/ficobaunire.org\/#organization"},"potentialAction":[{"@type":"SearchAction","target":{"@type":"EntryPoint","urlTemplate":"https:\/\/ficobaunire.org\/?s={search_term_string}"},"query-input":{"@type":"PropertyValueSpecification","valueRequired":true,"valueName":"search_term_string"}}],"inLanguage":"fr-FR"},{"@type":"Organization","@id":"https:\/\/ficobaunire.org\/#organization","name":"Unire","url":"https:\/\/ficobaunire.org\/","logo":{"@type":"ImageObject","inLanguage":"fr-FR","@id":"https:\/\/ficobaunire.org\/#\/schema\/logo\/image\/","url":"https:\/\/ficobaunire.org\/wp-content\/uploads\/2024\/10\/logo_unire_LI.png","contentUrl":"https:\/\/ficobaunire.org\/wp-content\/uploads\/2024\/10\/logo_unire_LI.png","width":130,"height":48,"caption":"Unire"},"image":{"@id":"https:\/\/ficobaunire.org\/#\/schema\/logo\/image\/"}}]}},"_links":{"self":[{"href":"https:\/\/ficobaunire.org\/fr\/wp-json\/wp\/v2\/pages\/8009","targetHints":{"allow":["GET"]}}],"collection":[{"href":"https:\/\/ficobaunire.org\/fr\/wp-json\/wp\/v2\/pages"}],"about":[{"href":"https:\/\/ficobaunire.org\/fr\/wp-json\/wp\/v2\/types\/page"}],"author":[{"embeddable":true,"href":"https:\/\/ficobaunire.org\/fr\/wp-json\/wp\/v2\/users\/8"}],"replies":[{"embeddable":true,"href":"https:\/\/ficobaunire.org\/fr\/wp-json\/wp\/v2\/comments?post=8009"}],"version-history":[{"count":85,"href":"https:\/\/ficobaunire.org\/fr\/wp-json\/wp\/v2\/pages\/8009\/revisions"}],"predecessor-version":[{"id":22438,"href":"https:\/\/ficobaunire.org\/fr\/wp-json\/wp\/v2\/pages\/8009\/revisions\/22438"}],"wp:attachment":[{"href":"https:\/\/ficobaunire.org\/fr\/wp-json\/wp\/v2\/media?parent=8009"}],"curies":[{"name":"wp","href":"https:\/\/api.w.org\/{rel}","templated":true}]}}