{"id":17005,"date":"2024-05-28T08:37:23","date_gmt":"2024-05-28T08:37:23","guid":{"rendered":"https:\/\/expounire.org\/conference-area-2023\/"},"modified":"2024-12-03T11:38:40","modified_gmt":"2024-12-03T11:38:40","slug":"conference-area-2023","status":"publish","type":"page","link":"https:\/\/ficobaunire.org\/fr\/conference-area-2023\/","title":{"rendered":"Conference area 2023"},"content":{"rendered":"<p>[vc_row full_width=\u00a0\u00bbstretch_row\u00a0\u00bb css=\u00a0\u00bb.vc_custom_1716288908948{margin-top: 5px !important;padding-top: 80px !important;padding-bottom: 80px !important;background: #233744 url(https:\/\/expounire.org\/wp-content\/uploads\/2023\/03\/exhibitors-unire-1.jpg?id=16175) !important;background-position: 0 0 !important;background-repeat: no-repeat !important;}\u00a0\u00bb][vc_column][vc_row_inner][vc_column_inner width=\u00a0\u00bb1\/6&Prime;][\/vc_column_inner][vc_column_inner width=\u00a0\u00bb2\/3&Prime;][vc_raw_html css=\u00a0\u00bb\u00a0\u00bb]JTNDSDElM0VDT05GRVJFTkNFJTIwQVJFQSUyMDIwMjMlM0MlMkZIMSUzRSUwQSUzQ2hyJTNF[\/vc_raw_html][\/vc_column_inner][vc_column_inner width=\u00a0\u00bb1\/6&Prime;][\/vc_column_inner][\/vc_row_inner][\/vc_column][\/vc_row][vc_row full_width=\u00a0\u00bbstretch_row\u00a0\u00bb css=\u00a0\u00bb.vc_custom_1716288745146{padding-top: 100px !important;padding-bottom: 60px !important;background-color: #f7f9fb !important;}\u00a0\u00bb][vc_column][vc_column_text]<\/p>\n<h6 style=\"text-align: center;\">La feria ha contado con un programa de ponencias t\u00e9cnicas por parte de las empresas expositoras que ha tenido lugar en el espacio Exhibitor&rsquo;s Corner.<\/h6>\n<p>[\/vc_column_text][vc_empty_space][vc_row_inner][vc_column_inner width=\u00a0\u00bb1\/6&Prime;][\/vc_column_inner][vc_column_inner width=\u00a0\u00bb2\/3&Prime;][vc_empty_space height=\u00a0\u00bb10px\u00a0\u00bb][vc_single_image image=\u00a0\u00bb15708&Prime; img_size=\u00a0\u00bblarge\u00a0\u00bb][\/vc_column_inner][\/vc_row_inner][\/vc_column][\/vc_row][vc_row full_width=\u00a0\u00bbstretch_row\u00a0\u00bb css=\u00a0\u00bb.vc_custom_1623350246144{padding-top: 100px !important;padding-bottom: 60px !important;background-color: #f7f9fb !important;}\u00a0\u00bb][vc_column][vc_row_inner][vc_column_inner width=\u00a0\u00bb1\/6&Prime;][\/vc_column_inner][vc_column_inner width=\u00a0\u00bb2\/3&Prime;][vc_custom_heading text=\u00a0\u00bb\u201cPrograma de ponencias y mesas redondas sobre la \u00faltima actualidad y tecnolog\u00edas de la soldadura y tecnolog\u00edas de uni\u00f3n\u201d\u00a0\u00bb font_container=\u00a0\u00bbtag:h6|font_size:20px|text_align:center\u00a0\u00bb use_theme_fonts=\u00a0\u00bbyes\u00a0\u00bb css=\u00a0\u00bb\u00a0\u00bb][vc_empty_space][\/vc_column_inner][vc_column_inner width=\u00a0\u00bb1\/6&Prime;][\/vc_column_inner][\/vc_row_inner][\/vc_column][\/vc_row][vc_row][vc_column][vc_column_text]<\/p>\n<p style=\"text-align: center;\">El t\u00edtulo de las ponencias est\u00e1 en el idioma en el que se han llevado a cabo. No ha habido servicio de traducci\u00f3n simult\u00e1nea.<\/p>\n<p>[\/vc_column_text][vc_tta_tabs title_tag=\u00a0\u00bbh1&Prime; section_title_tag=\u00a0\u00bbh1&Prime; shape=\u00a0\u00bbsquare\u00a0\u00bb spacing=\u00a0\u00bb35&Prime; gap=\u00a0\u00bb35&Prime; alignment=\u00a0\u00bbcenter\u00a0\u00bb active_section=\u00a0\u00bb1&Prime;][vc_tta_section title=\u00a0\u00bbD\u00eda 1&Prime; tab_id=\u00a0\u00bbprograma-dia1-unire\u00a0\u00bb][vc_raw_html]JTNDaWZyYW1lJTIwaWQlM0QlMjJmMSUyMiUyMHNyYyUzRCUyMmh0dHBzJTNBJTJGJTJGcHVibGljYWx0LnhlcmlhLmVzJTJGdW5pcmUlMkZlcyUyRmN1c3RvbSUyRlByb2dyYW1hdW5pcmUlMjIlMjB3aWR0aCUzRCUyMjEwMCUyNSUyMiUyMGhlaWdodCUzRCUyMjIwMDAlMjIlMjBmcmFtZWJvcmRlciUzRCUyMjAlMjIlM0UlM0MlMkZpZnJhbWUlM0U=[\/vc_raw_html][\/vc_tta_section][vc_tta_section title=\u00a0\u00bbD\u00eda 2&Prime; tab_id=\u00a0\u00bbprograma-dia2-unire\u00a0\u00bb][vc_raw_html]JTNDaWZyYW1lJTIwaWQlM0QlMjJmMSUyMiUyMHNyYyUzRCUyMmh0dHBzJTNBJTJGJTJGcHVibGljYWx0LnhlcmlhLmVzJTJGdW5pcmUlMkZlcyUyRmN1c3RvbSUyRlByb2dyYW1hdW5pcmUyJTIyJTIwd2lkdGglM0QlMjIxMDAlMjUlMjIlMjBoZWlnaHQlM0QlMjIyMDAwJTIyJTIwZnJhbWVib3JkZXIlM0QlMjIwJTIyJTNFJTNDJTJGaWZyYW1lJTNF[\/vc_raw_html][\/vc_tta_section][\/vc_tta_tabs][\/vc_column][\/vc_row]<\/p>\n","protected":false},"excerpt":{"rendered":"<p>[vc_row full_width=\u00a0\u00bbstretch_row\u00a0\u00bb css=\u00a0\u00bb.vc_custom_1716288908948{margin-top: 5px !important;padding-top: 80px !important;padding-bottom: 80px !important;background: #233744 url(https:\/\/expounire.org\/wp-content\/uploads\/2023\/03\/exhibitors-unire-1.jpg?id=16175) !important;background-position: 0 0 !important;background-repeat: no-repeat !important;}\u00a0\u00bb][vc_column][vc_row_inner][vc_column_inner width=\u00a0\u00bb1\/6&Prime;][\/vc_column_inner][vc_column_inner width=\u00a0\u00bb2\/3&Prime;][vc_raw_html css=\u00a0\u00bb\u00a0\u00bb]JTNDSDElM0VDT05GRVJFTkNFJTIwQVJFQSUyMDIwMjMlM0MlMkZIMSUzRSUwQSUzQ2hyJTNF[\/vc_raw_html][\/vc_column_inner][vc_column_inner width=\u00a0\u00bb1\/6&Prime;][\/vc_column_inner][\/vc_row_inner][\/vc_column][\/vc_row][vc_row full_width=\u00a0\u00bbstretch_row\u00a0\u00bb css=\u00a0\u00bb.vc_custom_1716288745146{padding-top: 100px !important;padding-bottom: 60px !important;background-color: #f7f9fb !important;}\u00a0\u00bb][vc_column][vc_column_text] La feria ha contado con un programa de ponencias t\u00e9cnicas por parte de las empresas expositoras que ha tenido lugar en el espacio Exhibitor&rsquo;s Corner. [\/vc_column_text][vc_empty_space][vc_row_inner][vc_column_inner [&hellip;]<\/p>\n","protected":false},"author":8,"featured_media":0,"parent":0,"menu_order":0,"comment_status":"closed","ping_status":"closed","template":"","meta":{"footnotes":""},"class_list":["post-17005","page","type-page","status-publish","hentry"],"yoast_head":"<!-- This site is optimized with the Yoast SEO plugin v26.8 - https:\/\/yoast.com\/product\/yoast-seo-wordpress\/ -->\n<title>Conference area 2023 - Unire<\/title>\n<meta name=\"robots\" content=\"index, follow, max-snippet:-1, max-image-preview:large, max-video-preview:-1\" \/>\n<link rel=\"canonical\" href=\"https:\/\/ficobaunire.org\/?page_id=16616\" \/>\n<meta property=\"og:locale\" content=\"fr_FR\" \/>\n<meta property=\"og:type\" content=\"article\" \/>\n<meta property=\"og:title\" content=\"Conference area 2023 - Unire\" \/>\n<meta property=\"og:description\" content=\"[vc_row full_width=\u00a0\u00bbstretch_row\u00a0\u00bb css=\u00a0\u00bb.vc_custom_1716288908948{margin-top: 5px !important;padding-top: 80px !important;padding-bottom: 80px !important;background: #233744 url(https:\/\/expounire.org\/wp-content\/uploads\/2023\/03\/exhibitors-unire-1.jpg?id=16175) !important;background-position: 0 0 !important;background-repeat: no-repeat !important;}\u00a0\u00bb][vc_column][vc_row_inner][vc_column_inner width=\u00a0\u00bb1\/6&Prime;][\/vc_column_inner][vc_column_inner width=\u00a0\u00bb2\/3&Prime;][vc_raw_html css=\u00a0\u00bb\u00a0\u00bb]JTNDSDElM0VDT05GRVJFTkNFJTIwQVJFQSUyMDIwMjMlM0MlMkZIMSUzRSUwQSUzQ2hyJTNF[\/vc_raw_html][\/vc_column_inner][vc_column_inner width=\u00a0\u00bb1\/6&Prime;][\/vc_column_inner][\/vc_row_inner][\/vc_column][\/vc_row][vc_row full_width=\u00a0\u00bbstretch_row\u00a0\u00bb css=\u00a0\u00bb.vc_custom_1716288745146{padding-top: 100px !important;padding-bottom: 60px !important;background-color: #f7f9fb !important;}\u00a0\u00bb][vc_column][vc_column_text] La feria ha contado con un programa de ponencias t\u00e9cnicas por parte de las empresas expositoras que ha tenido lugar en el espacio Exhibitor&rsquo;s Corner. [\/vc_column_text][vc_empty_space][vc_row_inner][vc_column_inner [&hellip;]\" \/>\n<meta property=\"og:url\" content=\"https:\/\/ficobaunire.org\/?page_id=16616\" \/>\n<meta property=\"og:site_name\" content=\"Unire\" \/>\n<meta property=\"article:modified_time\" content=\"2024-12-03T11:38:40+00:00\" \/>\n<meta name=\"twitter:card\" content=\"summary_large_image\" \/>\n<meta name=\"twitter:label1\" content=\"Dur\u00e9e de lecture estim\u00e9e\" \/>\n\t<meta name=\"twitter:data1\" content=\"2 minutes\" \/>\n<script type=\"application\/ld+json\" class=\"yoast-schema-graph\">{\"@context\":\"https:\/\/schema.org\",\"@graph\":[{\"@type\":\"WebPage\",\"@id\":\"https:\/\/ficobaunire.org\/?page_id=16616\",\"url\":\"https:\/\/ficobaunire.org\/?page_id=16616\",\"name\":\"Conference area 2023 - Unire\",\"isPartOf\":{\"@id\":\"https:\/\/ficobaunire.org\/#website\"},\"datePublished\":\"2024-05-28T08:37:23+00:00\",\"dateModified\":\"2024-12-03T11:38:40+00:00\",\"breadcrumb\":{\"@id\":\"https:\/\/ficobaunire.org\/?page_id=16616#breadcrumb\"},\"inLanguage\":\"fr-FR\",\"potentialAction\":[{\"@type\":\"ReadAction\",\"target\":[\"https:\/\/ficobaunire.org\/?page_id=16616\"]}]},{\"@type\":\"BreadcrumbList\",\"@id\":\"https:\/\/ficobaunire.org\/?page_id=16616#breadcrumb\",\"itemListElement\":[{\"@type\":\"ListItem\",\"position\":1,\"name\":\"Portada\",\"item\":\"https:\/\/ficobaunire.org\/fr\/home\/\"},{\"@type\":\"ListItem\",\"position\":2,\"name\":\"Conference area 2023\"}]},{\"@type\":\"WebSite\",\"@id\":\"https:\/\/ficobaunire.org\/#website\",\"url\":\"https:\/\/ficobaunire.org\/\",\"name\":\"Unire\",\"description\":\"SALON PROFESSIONNEL DE LA SOUDURE ET D'AUTRES TECHNOLOGIES DE JONCTION\",\"publisher\":{\"@id\":\"https:\/\/ficobaunire.org\/#organization\"},\"potentialAction\":[{\"@type\":\"SearchAction\",\"target\":{\"@type\":\"EntryPoint\",\"urlTemplate\":\"https:\/\/ficobaunire.org\/?s={search_term_string}\"},\"query-input\":{\"@type\":\"PropertyValueSpecification\",\"valueRequired\":true,\"valueName\":\"search_term_string\"}}],\"inLanguage\":\"fr-FR\"},{\"@type\":\"Organization\",\"@id\":\"https:\/\/ficobaunire.org\/#organization\",\"name\":\"Unire\",\"url\":\"https:\/\/ficobaunire.org\/\",\"logo\":{\"@type\":\"ImageObject\",\"inLanguage\":\"fr-FR\",\"@id\":\"https:\/\/ficobaunire.org\/#\/schema\/logo\/image\/\",\"url\":\"https:\/\/ficobaunire.org\/wp-content\/uploads\/2024\/10\/logo_unire_LI.png\",\"contentUrl\":\"https:\/\/ficobaunire.org\/wp-content\/uploads\/2024\/10\/logo_unire_LI.png\",\"width\":130,\"height\":48,\"caption\":\"Unire\"},\"image\":{\"@id\":\"https:\/\/ficobaunire.org\/#\/schema\/logo\/image\/\"}}]}<\/script>\n<!-- \/ Yoast SEO plugin. -->","yoast_head_json":{"title":"Conference area 2023 - Unire","robots":{"index":"index","follow":"follow","max-snippet":"max-snippet:-1","max-image-preview":"max-image-preview:large","max-video-preview":"max-video-preview:-1"},"canonical":"https:\/\/ficobaunire.org\/?page_id=16616","og_locale":"fr_FR","og_type":"article","og_title":"Conference area 2023 - Unire","og_description":"[vc_row full_width=\u00a0\u00bbstretch_row\u00a0\u00bb css=\u00a0\u00bb.vc_custom_1716288908948{margin-top: 5px !important;padding-top: 80px !important;padding-bottom: 80px !important;background: #233744 url(https:\/\/expounire.org\/wp-content\/uploads\/2023\/03\/exhibitors-unire-1.jpg?id=16175) !important;background-position: 0 0 !important;background-repeat: no-repeat !important;}\u00a0\u00bb][vc_column][vc_row_inner][vc_column_inner width=\u00a0\u00bb1\/6&Prime;][\/vc_column_inner][vc_column_inner width=\u00a0\u00bb2\/3&Prime;][vc_raw_html css=\u00a0\u00bb\u00a0\u00bb]JTNDSDElM0VDT05GRVJFTkNFJTIwQVJFQSUyMDIwMjMlM0MlMkZIMSUzRSUwQSUzQ2hyJTNF[\/vc_raw_html][\/vc_column_inner][vc_column_inner width=\u00a0\u00bb1\/6&Prime;][\/vc_column_inner][\/vc_row_inner][\/vc_column][\/vc_row][vc_row full_width=\u00a0\u00bbstretch_row\u00a0\u00bb css=\u00a0\u00bb.vc_custom_1716288745146{padding-top: 100px !important;padding-bottom: 60px !important;background-color: #f7f9fb !important;}\u00a0\u00bb][vc_column][vc_column_text] La feria ha contado con un programa de ponencias t\u00e9cnicas por parte de las empresas expositoras que ha tenido lugar en el espacio Exhibitor&rsquo;s Corner. [\/vc_column_text][vc_empty_space][vc_row_inner][vc_column_inner [&hellip;]","og_url":"https:\/\/ficobaunire.org\/?page_id=16616","og_site_name":"Unire","article_modified_time":"2024-12-03T11:38:40+00:00","twitter_card":"summary_large_image","twitter_misc":{"Dur\u00e9e de lecture estim\u00e9e":"2 minutes"},"schema":{"@context":"https:\/\/schema.org","@graph":[{"@type":"WebPage","@id":"https:\/\/ficobaunire.org\/?page_id=16616","url":"https:\/\/ficobaunire.org\/?page_id=16616","name":"Conference area 2023 - Unire","isPartOf":{"@id":"https:\/\/ficobaunire.org\/#website"},"datePublished":"2024-05-28T08:37:23+00:00","dateModified":"2024-12-03T11:38:40+00:00","breadcrumb":{"@id":"https:\/\/ficobaunire.org\/?page_id=16616#breadcrumb"},"inLanguage":"fr-FR","potentialAction":[{"@type":"ReadAction","target":["https:\/\/ficobaunire.org\/?page_id=16616"]}]},{"@type":"BreadcrumbList","@id":"https:\/\/ficobaunire.org\/?page_id=16616#breadcrumb","itemListElement":[{"@type":"ListItem","position":1,"name":"Portada","item":"https:\/\/ficobaunire.org\/fr\/home\/"},{"@type":"ListItem","position":2,"name":"Conference area 2023"}]},{"@type":"WebSite","@id":"https:\/\/ficobaunire.org\/#website","url":"https:\/\/ficobaunire.org\/","name":"Unire","description":"SALON PROFESSIONNEL DE LA SOUDURE ET D'AUTRES TECHNOLOGIES DE JONCTION","publisher":{"@id":"https:\/\/ficobaunire.org\/#organization"},"potentialAction":[{"@type":"SearchAction","target":{"@type":"EntryPoint","urlTemplate":"https:\/\/ficobaunire.org\/?s={search_term_string}"},"query-input":{"@type":"PropertyValueSpecification","valueRequired":true,"valueName":"search_term_string"}}],"inLanguage":"fr-FR"},{"@type":"Organization","@id":"https:\/\/ficobaunire.org\/#organization","name":"Unire","url":"https:\/\/ficobaunire.org\/","logo":{"@type":"ImageObject","inLanguage":"fr-FR","@id":"https:\/\/ficobaunire.org\/#\/schema\/logo\/image\/","url":"https:\/\/ficobaunire.org\/wp-content\/uploads\/2024\/10\/logo_unire_LI.png","contentUrl":"https:\/\/ficobaunire.org\/wp-content\/uploads\/2024\/10\/logo_unire_LI.png","width":130,"height":48,"caption":"Unire"},"image":{"@id":"https:\/\/ficobaunire.org\/#\/schema\/logo\/image\/"}}]}},"_links":{"self":[{"href":"https:\/\/ficobaunire.org\/fr\/wp-json\/wp\/v2\/pages\/17005","targetHints":{"allow":["GET"]}}],"collection":[{"href":"https:\/\/ficobaunire.org\/fr\/wp-json\/wp\/v2\/pages"}],"about":[{"href":"https:\/\/ficobaunire.org\/fr\/wp-json\/wp\/v2\/types\/page"}],"author":[{"embeddable":true,"href":"https:\/\/ficobaunire.org\/fr\/wp-json\/wp\/v2\/users\/8"}],"replies":[{"embeddable":true,"href":"https:\/\/ficobaunire.org\/fr\/wp-json\/wp\/v2\/comments?post=17005"}],"version-history":[{"count":5,"href":"https:\/\/ficobaunire.org\/fr\/wp-json\/wp\/v2\/pages\/17005\/revisions"}],"predecessor-version":[{"id":19724,"href":"https:\/\/ficobaunire.org\/fr\/wp-json\/wp\/v2\/pages\/17005\/revisions\/19724"}],"wp:attachment":[{"href":"https:\/\/ficobaunire.org\/fr\/wp-json\/wp\/v2\/media?parent=17005"}],"curies":[{"name":"wp","href":"https:\/\/api.w.org\/{rel}","templated":true}]}}