{"id":15045,"date":"2023-02-08T11:36:21","date_gmt":"2023-02-08T11:36:21","guid":{"rendered":"https:\/\/expounire.org\/quienes-somos\/"},"modified":"2024-12-06T11:44:49","modified_gmt":"2024-12-06T11:44:49","slug":"quienes-somos","status":"publish","type":"page","link":"https:\/\/ficobaunire.org\/fr\/quienes-somos\/","title":{"rendered":"\u00c1 propos de nous"},"content":{"rendered":"\t\t<div data-elementor-type=\"wp-page\" data-elementor-id=\"15045\" class=\"elementor elementor-15045 elementor-13834\" data-elementor-post-type=\"page\">\n\t\t\t\t<div class=\"elementor-element elementor-element-e7d0708 e-flex e-con-boxed e-con e-parent\" data-id=\"e7d0708\" data-element_type=\"container\">\n\t\t\t\t\t<div class=\"e-con-inner\">\n\t\t\t\t<div class=\"elementor-element elementor-element-4563e54 elementor-widget elementor-widget-heading\" data-id=\"4563e54\" data-element_type=\"widget\" data-widget_type=\"heading.default\">\n\t\t\t\t<div class=\"elementor-widget-container\">\n\t\t\t\t\t<h1 class=\"elementor-heading-title elementor-size-default\">\u00c1 propos de nous\n<\/h1>\t\t\t\t<\/div>\n\t\t\t\t<\/div>\n\t\t\t\t<div class=\"elementor-element elementor-element-4b5a91d elementor-widget-divider--view-line elementor-widget elementor-widget-divider\" data-id=\"4b5a91d\" data-element_type=\"widget\" data-widget_type=\"divider.default\">\n\t\t\t\t<div class=\"elementor-widget-container\">\n\t\t\t\t\t\t\t<div class=\"elementor-divider\">\n\t\t\t<span class=\"elementor-divider-separator\">\n\t\t\t\t\t\t<\/span>\n\t\t<\/div>\n\t\t\t\t\t\t<\/div>\n\t\t\t\t<\/div>\n\t\t\t\t\t<\/div>\n\t\t\t\t<\/div>\n\t\t<div class=\"elementor-element elementor-element-74fc700 e-flex e-con-boxed e-con e-parent\" data-id=\"74fc700\" data-element_type=\"container\" data-settings=\"{&quot;background_background&quot;:&quot;classic&quot;}\">\n\t\t\t\t\t<div class=\"e-con-inner\">\n\t\t<div class=\"elementor-element elementor-element-815a598 e-con-full e-flex e-con e-child\" data-id=\"815a598\" data-element_type=\"container\">\n\t\t\t\t<div class=\"elementor-element elementor-element-6eefc47 elementor-widget elementor-widget-image\" data-id=\"6eefc47\" data-element_type=\"widget\" data-widget_type=\"image.default\">\n\t\t\t\t<div class=\"elementor-widget-container\">\n\t\t\t\t\t\t\t\t\t\t\t\t\t\t\t<img fetchpriority=\"high\" decoding=\"async\" width=\"800\" height=\"941\" src=\"https:\/\/ficobaunire.org\/wp-content\/uploads\/2024\/05\/03-UNIRE24-mapa-francia.jpg\" class=\"attachment-large size-large wp-image-16974\" alt=\"\" \/>\t\t\t\t\t\t\t\t\t\t\t\t\t\t\t<\/div>\n\t\t\t\t<\/div>\n\t\t\t\t<\/div>\n\t\t<div class=\"elementor-element elementor-element-e07bb93 e-con-full e-flex e-con e-child\" data-id=\"e07bb93\" data-element_type=\"container\">\n\t\t\t\t<div class=\"elementor-element elementor-element-1ca3da5 elementor-widget elementor-widget-text-editor\" data-id=\"1ca3da5\" data-element_type=\"widget\" data-widget_type=\"text-editor.default\">\n\t\t\t\t<div class=\"elementor-widget-container\">\n\t\t\t\t\t\t\t\t\t<div class=\"wpb_text_column wpb_content_element\">\n<div class=\"wpb_wrapper\">\n<p><strong><a style=\"color: #253745;\" href=\"https:\/\/www.ficoba.org\/es\/ficoba\/que-es-ficoba\/\" target=\"_blank\" rel=\"noopener\">Le Parc des Expositions du Gipuzkoa, Ficoba<\/a>, est situ\u00e9 \u00e0 Irun, au c\u0153ur de l\u2019eurocit\u00e9 Saint-S\u00e9bastien\/Bayonne. Il a \u00e9t\u00e9 cr\u00e9\u00e9 dans l\u2019objectif de se positionner comme le premier salon transfrontalier de l\u2019Union europ\u00e9enne, dans un cadre id\u00e9al pour que les PME de la r\u00e9gion puissent disposer d\u2019un espace ad\u00e9quat pour exposer leurs produits et entretenir des relations d\u2019affaires.<\/strong><\/p>\n<\/div>\n<\/div>\n<div class=\"wpb_text_column wpb_content_element\">\n<div class=\"wpb_wrapper\">\n<div class=\"et_pb_module et_pb_text et_pb_text_2 et_pb_text_align_left et_pb_bg_layout_light\">\n<div class=\"et_pb_text_inner\">\n<p>L\u2019objet et la finalit\u00e9 de Ficoba est la promotion \u00e9conomique et culturelle de la C\u00f4te basque. Pour atteindre ces objectifs, Ficoba met en place les activit\u00e9s suivantes:<\/p>\n<\/div>\n<\/div>\n<\/div>\n<\/div>\n\t\t\t\t\t\t\t\t<\/div>\n\t\t\t\t<\/div>\n\t\t\t\t<div class=\"elementor-element elementor-element-da71904 elementor-icon-list--layout-traditional elementor-list-item-link-full_width elementor-widget elementor-widget-icon-list\" data-id=\"da71904\" data-element_type=\"widget\" data-widget_type=\"icon-list.default\">\n\t\t\t\t<div class=\"elementor-widget-container\">\n\t\t\t\t\t\t\t<ul class=\"elementor-icon-list-items\">\n\t\t\t\t\t\t\t<li class=\"elementor-icon-list-item\">\n\t\t\t\t\t\t\t\t\t\t\t<span class=\"elementor-icon-list-icon\">\n\t\t\t\t\t\t\t<svg aria-hidden=\"true\" class=\"e-font-icon-svg e-fas-circle\" viewBox=\"0 0 512 512\" xmlns=\"http:\/\/www.w3.org\/2000\/svg\"><path d=\"M256 8C119 8 8 119 8 256s111 248 248 248 248-111 248-248S393 8 256 8z\"><\/path><\/svg>\t\t\t\t\t\t<\/span>\n\t\t\t\t\t\t\t\t\t\t<span class=\"elementor-icon-list-text\">Promouvoir, organiser ou diriger la c\u00e9l\u00e9bration d\u2019<strong>\u00e9v\u00e9nements commerciaux<\/strong> (foires, expositions, salons monographiques, etc.) dans la baie de Txingudi et plus concr\u00e8tement dans le Parc des expositions de Gipuzkoa.<\/span>\n\t\t\t\t\t\t\t\t\t<\/li>\n\t\t\t\t\t\t\t\t<li class=\"elementor-icon-list-item\">\n\t\t\t\t\t\t\t\t\t\t\t<span class=\"elementor-icon-list-icon\">\n\t\t\t\t\t\t\t<svg aria-hidden=\"true\" class=\"e-font-icon-svg e-fas-circle\" viewBox=\"0 0 512 512\" xmlns=\"http:\/\/www.w3.org\/2000\/svg\"><path d=\"M256 8C119 8 8 119 8 256s111 248 248 248 248-111 248-248S393 8 256 8z\"><\/path><\/svg>\t\t\t\t\t\t<\/span>\n\t\t\t\t\t\t\t\t\t\t<span class=\"elementor-icon-list-text\">Organiser des <strong>cours, s\u00e9minaires, tables rondes, cycles de conf\u00e9rences, congr\u00e8s, symposiums, colloques et s\u00e9ances d\u2019\u00e9tude et de recherche,<\/strong> en lien avec les secteurs d\u2019activit\u00e9s des salons.<\/span>\n\t\t\t\t\t\t\t\t\t<\/li>\n\t\t\t\t\t\t\t\t<li class=\"elementor-icon-list-item\">\n\t\t\t\t\t\t\t\t\t\t\t<span class=\"elementor-icon-list-icon\">\n\t\t\t\t\t\t\t<svg aria-hidden=\"true\" class=\"e-font-icon-svg e-fas-circle\" viewBox=\"0 0 512 512\" xmlns=\"http:\/\/www.w3.org\/2000\/svg\"><path d=\"M256 8C119 8 8 119 8 256s111 248 248 248 248-111 248-248S393 8 256 8z\"><\/path><\/svg>\t\t\t\t\t\t<\/span>\n\t\t\t\t\t\t\t\t\t\t<span class=\"elementor-icon-list-text\">R\u00e9diger, \u00e9diter, subventionner et distribuer des brochures, monographies et tout type de<strong> publications d\u2019information et de divulgation.<\/strong><\/span>\n\t\t\t\t\t\t\t\t\t<\/li>\n\t\t\t\t\t\t\t\t<li class=\"elementor-icon-list-item\">\n\t\t\t\t\t\t\t\t\t\t\t<span class=\"elementor-icon-list-icon\">\n\t\t\t\t\t\t\t<svg aria-hidden=\"true\" class=\"e-font-icon-svg e-fas-circle\" viewBox=\"0 0 512 512\" xmlns=\"http:\/\/www.w3.org\/2000\/svg\"><path d=\"M256 8C119 8 8 119 8 256s111 248 248 248 248-111 248-248S393 8 256 8z\"><\/path><\/svg>\t\t\t\t\t\t<\/span>\n\t\t\t\t\t\t\t\t\t\t<span class=\"elementor-icon-list-text\">Promouvoir, subventionner ou r\u00e9aliser des<strong> enqu\u00eates statistiques.<\/strong><\/span>\n\t\t\t\t\t\t\t\t\t<\/li>\n\t\t\t\t\t\t\t\t<li class=\"elementor-icon-list-item\">\n\t\t\t\t\t\t\t\t\t\t\t<span class=\"elementor-icon-list-icon\">\n\t\t\t\t\t\t\t<svg aria-hidden=\"true\" class=\"e-font-icon-svg e-fas-circle\" viewBox=\"0 0 512 512\" xmlns=\"http:\/\/www.w3.org\/2000\/svg\"><path d=\"M256 8C119 8 8 119 8 256s111 248 248 248 248-111 248-248S393 8 256 8z\"><\/path><\/svg>\t\t\t\t\t\t<\/span>\n\t\t\t\t\t\t\t\t\t\t<span class=\"elementor-icon-list-text\"><strong>Organiser des campagnes d\u2019information<\/strong> dans la presse, la radio, la t\u00e9l\u00e9vision, etc.<\/span>\n\t\t\t\t\t\t\t\t\t<\/li>\n\t\t\t\t\t\t\t\t<li class=\"elementor-icon-list-item\">\n\t\t\t\t\t\t\t\t\t\t\t<span class=\"elementor-icon-list-icon\">\n\t\t\t\t\t\t\t<svg aria-hidden=\"true\" class=\"e-font-icon-svg e-fas-circle\" viewBox=\"0 0 512 512\" xmlns=\"http:\/\/www.w3.org\/2000\/svg\"><path d=\"M256 8C119 8 8 119 8 256s111 248 248 248 248-111 248-248S393 8 256 8z\"><\/path><\/svg>\t\t\t\t\t\t<\/span>\n\t\t\t\t\t\t\t\t\t\t<span class=\"elementor-icon-list-text\"><strong>Lancer des appels d\u2019offres,<\/strong> demander des autorisations, etc.<\/span>\n\t\t\t\t\t\t\t\t\t<\/li>\n\t\t\t\t\t\t\t\t<li class=\"elementor-icon-list-item\">\n\t\t\t\t\t\t\t\t\t\t\t<span class=\"elementor-icon-list-icon\">\n\t\t\t\t\t\t\t<svg aria-hidden=\"true\" class=\"e-font-icon-svg e-fas-circle\" viewBox=\"0 0 512 512\" xmlns=\"http:\/\/www.w3.org\/2000\/svg\"><path d=\"M256 8C119 8 8 119 8 256s111 248 248 248 248-111 248-248S393 8 256 8z\"><\/path><\/svg>\t\t\t\t\t\t<\/span>\n\t\t\t\t\t\t\t\t\t\t<span class=\"elementor-icon-list-text\">Encourager tout type de service en faveur de la <strong>promotion \u00e9conomique et culturelle de la C\u00f4te basque.<\/strong><\/span>\n\t\t\t\t\t\t\t\t\t<\/li>\n\t\t\t\t\t\t\t\t<li class=\"elementor-icon-list-item\">\n\t\t\t\t\t\t\t\t\t\t\t<span class=\"elementor-icon-list-icon\">\n\t\t\t\t\t\t\t<svg aria-hidden=\"true\" class=\"e-font-icon-svg e-fas-circle\" viewBox=\"0 0 512 512\" xmlns=\"http:\/\/www.w3.org\/2000\/svg\"><path d=\"M256 8C119 8 8 119 8 256s111 248 248 248 248-111 248-248S393 8 256 8z\"><\/path><\/svg>\t\t\t\t\t\t<\/span>\n\t\t\t\t\t\t\t\t\t\t<span class=\"elementor-icon-list-text\">Toute autre activit\u00e9 qui permette \u00e0 la FONDATION FICOBA de remplir au mieux les fins qu\u2019elle s\u2018est propos\u00e9.<\/span>\n\t\t\t\t\t\t\t\t\t<\/li>\n\t\t\t\t\t\t<\/ul>\n\t\t\t\t\t\t<\/div>\n\t\t\t\t<\/div>\n\t\t\t\t<\/div>\n\t\t\t\t\t<\/div>\n\t\t\t\t<\/div>\n\t\t\t\t<\/div>\n\t\t","protected":false},"excerpt":{"rendered":"<p>\u00c1 propos de nous Le Parc des Expositions du Gipuzkoa, Ficoba, est situ\u00e9 \u00e0 Irun, au c\u0153ur de l\u2019eurocit\u00e9 Saint-S\u00e9bastien\/Bayonne. Il a \u00e9t\u00e9 cr\u00e9\u00e9 dans l\u2019objectif de se positionner comme le premier salon transfrontalier de l\u2019Union europ\u00e9enne, dans un cadre id\u00e9al pour que les PME de la r\u00e9gion puissent disposer d\u2019un espace ad\u00e9quat pour exposer [&hellip;]<\/p>\n","protected":false},"author":8,"featured_media":0,"parent":0,"menu_order":0,"comment_status":"closed","ping_status":"closed","template":"","meta":{"footnotes":""},"class_list":["post-15045","page","type-page","status-publish","hentry"],"yoast_head":"<!-- This site is optimized with the Yoast SEO plugin v26.8 - https:\/\/yoast.com\/product\/yoast-seo-wordpress\/ -->\n<title>\u00c1 propos de nous - Unire<\/title>\n<meta name=\"robots\" content=\"index, follow, max-snippet:-1, max-image-preview:large, max-video-preview:-1\" \/>\n<link rel=\"canonical\" href=\"https:\/\/ficobaunire.org\/quienes-somos-unire\/\" \/>\n<meta property=\"og:locale\" content=\"fr_FR\" \/>\n<meta property=\"og:type\" content=\"article\" \/>\n<meta property=\"og:title\" content=\"\u00c1 propos de nous - Unire\" \/>\n<meta property=\"og:description\" content=\"\u00c1 propos de nous Le Parc des Expositions du Gipuzkoa, Ficoba, est situ\u00e9 \u00e0 Irun, au c\u0153ur de l\u2019eurocit\u00e9 Saint-S\u00e9bastien\/Bayonne. Il a \u00e9t\u00e9 cr\u00e9\u00e9 dans l\u2019objectif de se positionner comme le premier salon transfrontalier de l\u2019Union europ\u00e9enne, dans un cadre id\u00e9al pour que les PME de la r\u00e9gion puissent disposer d\u2019un espace ad\u00e9quat pour exposer [&hellip;]\" \/>\n<meta property=\"og:url\" content=\"https:\/\/ficobaunire.org\/quienes-somos-unire\/\" \/>\n<meta property=\"og:site_name\" content=\"Unire\" \/>\n<meta property=\"article:modified_time\" content=\"2024-12-06T11:44:49+00:00\" \/>\n<meta property=\"og:image\" content=\"https:\/\/ficobaunire.org\/wp-content\/uploads\/2024\/05\/03-UNIRE24-mapa-francia.jpg\" \/>\n\t<meta property=\"og:image:width\" content=\"800\" \/>\n\t<meta property=\"og:image:height\" content=\"941\" \/>\n\t<meta property=\"og:image:type\" content=\"image\/jpeg\" \/>\n<meta name=\"twitter:card\" content=\"summary_large_image\" \/>\n<meta name=\"twitter:label1\" content=\"Dur\u00e9e de lecture estim\u00e9e\" \/>\n\t<meta name=\"twitter:data1\" content=\"1 minute\" \/>\n<script type=\"application\/ld+json\" class=\"yoast-schema-graph\">{\"@context\":\"https:\/\/schema.org\",\"@graph\":[{\"@type\":\"WebPage\",\"@id\":\"https:\/\/ficobaunire.org\/quienes-somos-unire\/\",\"url\":\"https:\/\/ficobaunire.org\/quienes-somos-unire\/\",\"name\":\"\u00c1 propos de nous - Unire\",\"isPartOf\":{\"@id\":\"https:\/\/ficobaunire.org\/#website\"},\"primaryImageOfPage\":{\"@id\":\"https:\/\/ficobaunire.org\/quienes-somos-unire\/#primaryimage\"},\"image\":{\"@id\":\"https:\/\/ficobaunire.org\/quienes-somos-unire\/#primaryimage\"},\"thumbnailUrl\":\"https:\/\/ficobaunire.org\/wp-content\/uploads\/2024\/05\/03-UNIRE24-mapa-francia.jpg\",\"datePublished\":\"2023-02-08T11:36:21+00:00\",\"dateModified\":\"2024-12-06T11:44:49+00:00\",\"breadcrumb\":{\"@id\":\"https:\/\/ficobaunire.org\/quienes-somos-unire\/#breadcrumb\"},\"inLanguage\":\"fr-FR\",\"potentialAction\":[{\"@type\":\"ReadAction\",\"target\":[\"https:\/\/ficobaunire.org\/quienes-somos-unire\/\"]}]},{\"@type\":\"ImageObject\",\"inLanguage\":\"fr-FR\",\"@id\":\"https:\/\/ficobaunire.org\/quienes-somos-unire\/#primaryimage\",\"url\":\"https:\/\/ficobaunire.org\/wp-content\/uploads\/2024\/05\/03-UNIRE24-mapa-francia.jpg\",\"contentUrl\":\"https:\/\/ficobaunire.org\/wp-content\/uploads\/2024\/05\/03-UNIRE24-mapa-francia.jpg\"},{\"@type\":\"BreadcrumbList\",\"@id\":\"https:\/\/ficobaunire.org\/quienes-somos-unire\/#breadcrumb\",\"itemListElement\":[{\"@type\":\"ListItem\",\"position\":1,\"name\":\"Portada\",\"item\":\"https:\/\/ficobaunire.org\/fr\/home\/\"},{\"@type\":\"ListItem\",\"position\":2,\"name\":\"\u00c1 propos de nous\"}]},{\"@type\":\"WebSite\",\"@id\":\"https:\/\/ficobaunire.org\/#website\",\"url\":\"https:\/\/ficobaunire.org\/\",\"name\":\"Unire\",\"description\":\"SALON PROFESSIONNEL DE LA SOUDURE ET D'AUTRES TECHNOLOGIES DE JONCTION\",\"publisher\":{\"@id\":\"https:\/\/ficobaunire.org\/#organization\"},\"potentialAction\":[{\"@type\":\"SearchAction\",\"target\":{\"@type\":\"EntryPoint\",\"urlTemplate\":\"https:\/\/ficobaunire.org\/?s={search_term_string}\"},\"query-input\":{\"@type\":\"PropertyValueSpecification\",\"valueRequired\":true,\"valueName\":\"search_term_string\"}}],\"inLanguage\":\"fr-FR\"},{\"@type\":\"Organization\",\"@id\":\"https:\/\/ficobaunire.org\/#organization\",\"name\":\"Unire\",\"url\":\"https:\/\/ficobaunire.org\/\",\"logo\":{\"@type\":\"ImageObject\",\"inLanguage\":\"fr-FR\",\"@id\":\"https:\/\/ficobaunire.org\/#\/schema\/logo\/image\/\",\"url\":\"https:\/\/ficobaunire.org\/wp-content\/uploads\/2024\/10\/logo_unire_LI.png\",\"contentUrl\":\"https:\/\/ficobaunire.org\/wp-content\/uploads\/2024\/10\/logo_unire_LI.png\",\"width\":130,\"height\":48,\"caption\":\"Unire\"},\"image\":{\"@id\":\"https:\/\/ficobaunire.org\/#\/schema\/logo\/image\/\"}}]}<\/script>\n<!-- \/ Yoast SEO plugin. -->","yoast_head_json":{"title":"\u00c1 propos de nous - Unire","robots":{"index":"index","follow":"follow","max-snippet":"max-snippet:-1","max-image-preview":"max-image-preview:large","max-video-preview":"max-video-preview:-1"},"canonical":"https:\/\/ficobaunire.org\/quienes-somos-unire\/","og_locale":"fr_FR","og_type":"article","og_title":"\u00c1 propos de nous - Unire","og_description":"\u00c1 propos de nous Le Parc des Expositions du Gipuzkoa, Ficoba, est situ\u00e9 \u00e0 Irun, au c\u0153ur de l\u2019eurocit\u00e9 Saint-S\u00e9bastien\/Bayonne. Il a \u00e9t\u00e9 cr\u00e9\u00e9 dans l\u2019objectif de se positionner comme le premier salon transfrontalier de l\u2019Union europ\u00e9enne, dans un cadre id\u00e9al pour que les PME de la r\u00e9gion puissent disposer d\u2019un espace ad\u00e9quat pour exposer [&hellip;]","og_url":"https:\/\/ficobaunire.org\/quienes-somos-unire\/","og_site_name":"Unire","article_modified_time":"2024-12-06T11:44:49+00:00","og_image":[{"url":"https:\/\/ficobaunire.org\/wp-content\/uploads\/2024\/05\/03-UNIRE24-mapa-francia.jpg","width":800,"height":941,"type":"image\/jpeg"}],"twitter_card":"summary_large_image","twitter_misc":{"Dur\u00e9e de lecture estim\u00e9e":"1 minute"},"schema":{"@context":"https:\/\/schema.org","@graph":[{"@type":"WebPage","@id":"https:\/\/ficobaunire.org\/quienes-somos-unire\/","url":"https:\/\/ficobaunire.org\/quienes-somos-unire\/","name":"\u00c1 propos de nous - Unire","isPartOf":{"@id":"https:\/\/ficobaunire.org\/#website"},"primaryImageOfPage":{"@id":"https:\/\/ficobaunire.org\/quienes-somos-unire\/#primaryimage"},"image":{"@id":"https:\/\/ficobaunire.org\/quienes-somos-unire\/#primaryimage"},"thumbnailUrl":"https:\/\/ficobaunire.org\/wp-content\/uploads\/2024\/05\/03-UNIRE24-mapa-francia.jpg","datePublished":"2023-02-08T11:36:21+00:00","dateModified":"2024-12-06T11:44:49+00:00","breadcrumb":{"@id":"https:\/\/ficobaunire.org\/quienes-somos-unire\/#breadcrumb"},"inLanguage":"fr-FR","potentialAction":[{"@type":"ReadAction","target":["https:\/\/ficobaunire.org\/quienes-somos-unire\/"]}]},{"@type":"ImageObject","inLanguage":"fr-FR","@id":"https:\/\/ficobaunire.org\/quienes-somos-unire\/#primaryimage","url":"https:\/\/ficobaunire.org\/wp-content\/uploads\/2024\/05\/03-UNIRE24-mapa-francia.jpg","contentUrl":"https:\/\/ficobaunire.org\/wp-content\/uploads\/2024\/05\/03-UNIRE24-mapa-francia.jpg"},{"@type":"BreadcrumbList","@id":"https:\/\/ficobaunire.org\/quienes-somos-unire\/#breadcrumb","itemListElement":[{"@type":"ListItem","position":1,"name":"Portada","item":"https:\/\/ficobaunire.org\/fr\/home\/"},{"@type":"ListItem","position":2,"name":"\u00c1 propos de nous"}]},{"@type":"WebSite","@id":"https:\/\/ficobaunire.org\/#website","url":"https:\/\/ficobaunire.org\/","name":"Unire","description":"SALON PROFESSIONNEL DE LA SOUDURE ET D'AUTRES TECHNOLOGIES DE JONCTION","publisher":{"@id":"https:\/\/ficobaunire.org\/#organization"},"potentialAction":[{"@type":"SearchAction","target":{"@type":"EntryPoint","urlTemplate":"https:\/\/ficobaunire.org\/?s={search_term_string}"},"query-input":{"@type":"PropertyValueSpecification","valueRequired":true,"valueName":"search_term_string"}}],"inLanguage":"fr-FR"},{"@type":"Organization","@id":"https:\/\/ficobaunire.org\/#organization","name":"Unire","url":"https:\/\/ficobaunire.org\/","logo":{"@type":"ImageObject","inLanguage":"fr-FR","@id":"https:\/\/ficobaunire.org\/#\/schema\/logo\/image\/","url":"https:\/\/ficobaunire.org\/wp-content\/uploads\/2024\/10\/logo_unire_LI.png","contentUrl":"https:\/\/ficobaunire.org\/wp-content\/uploads\/2024\/10\/logo_unire_LI.png","width":130,"height":48,"caption":"Unire"},"image":{"@id":"https:\/\/ficobaunire.org\/#\/schema\/logo\/image\/"}}]}},"_links":{"self":[{"href":"https:\/\/ficobaunire.org\/fr\/wp-json\/wp\/v2\/pages\/15045","targetHints":{"allow":["GET"]}}],"collection":[{"href":"https:\/\/ficobaunire.org\/fr\/wp-json\/wp\/v2\/pages"}],"about":[{"href":"https:\/\/ficobaunire.org\/fr\/wp-json\/wp\/v2\/types\/page"}],"author":[{"embeddable":true,"href":"https:\/\/ficobaunire.org\/fr\/wp-json\/wp\/v2\/users\/8"}],"replies":[{"embeddable":true,"href":"https:\/\/ficobaunire.org\/fr\/wp-json\/wp\/v2\/comments?post=15045"}],"version-history":[{"count":25,"href":"https:\/\/ficobaunire.org\/fr\/wp-json\/wp\/v2\/pages\/15045\/revisions"}],"predecessor-version":[{"id":20301,"href":"https:\/\/ficobaunire.org\/fr\/wp-json\/wp\/v2\/pages\/15045\/revisions\/20301"}],"wp:attachment":[{"href":"https:\/\/ficobaunire.org\/fr\/wp-json\/wp\/v2\/media?parent=15045"}],"curies":[{"name":"wp","href":"https:\/\/api.w.org\/{rel}","templated":true}]}}