{"id":16997,"date":"2024-05-28T08:32:04","date_gmt":"2024-05-28T08:32:04","guid":{"rendered":"https:\/\/expounire.org\/conference-area-2023\/"},"modified":"2024-12-03T11:38:41","modified_gmt":"2024-12-03T11:38:41","slug":"conference-area-2023","status":"publish","type":"page","link":"https:\/\/ficobaunire.org\/en\/conference-area-2023\/","title":{"rendered":"Conference area 2023"},"content":{"rendered":"<p>[vc_row full_width=&#8221;stretch_row&#8221; css=&#8221;.vc_custom_1716288908948{margin-top: 5px !important;padding-top: 80px !important;padding-bottom: 80px !important;background: #233744 url(https:\/\/expounire.org\/wp-content\/uploads\/2023\/03\/exhibitors-unire-1.jpg?id=16175) !important;background-position: 0 0 !important;background-repeat: no-repeat !important;}&#8221;][vc_column][vc_row_inner][vc_column_inner width=&#8221;1\/6&#8243;][\/vc_column_inner][vc_column_inner width=&#8221;2\/3&#8243;][vc_raw_html css=&#8221;&#8221;]JTNDSDElM0VDT05GRVJFTkNFJTIwQVJFQSUyMDIwMjMlM0MlMkZIMSUzRSUwQSUzQ2hyJTNF[\/vc_raw_html][\/vc_column_inner][vc_column_inner width=&#8221;1\/6&#8243;][\/vc_column_inner][\/vc_row_inner][\/vc_column][\/vc_row][vc_row full_width=&#8221;stretch_row&#8221; css=&#8221;.vc_custom_1716288745146{padding-top: 100px !important;padding-bottom: 60px !important;background-color: #f7f9fb !important;}&#8221;][vc_column][vc_column_text]<\/p>\n<h6 style=\"text-align: center;\">La feria ha contado con un programa de ponencias t\u00e9cnicas por parte de las empresas expositoras que ha tenido lugar en el espacio Exhibitor&#8217;s Corner.<\/h6>\n<p>[\/vc_column_text][vc_empty_space][vc_row_inner][vc_column_inner width=&#8221;1\/6&#8243;][\/vc_column_inner][vc_column_inner width=&#8221;2\/3&#8243;][vc_empty_space height=&#8221;10px&#8221;][vc_single_image image=&#8221;15707&#8243; img_size=&#8221;large&#8221;][\/vc_column_inner][\/vc_row_inner][\/vc_column][\/vc_row][vc_row full_width=&#8221;stretch_row&#8221; css=&#8221;.vc_custom_1623350246144{padding-top: 100px !important;padding-bottom: 60px !important;background-color: #f7f9fb !important;}&#8221;][vc_column][vc_row_inner][vc_column_inner width=&#8221;1\/6&#8243;][\/vc_column_inner][vc_column_inner width=&#8221;2\/3&#8243;][vc_custom_heading text=&#8221;\u201cPrograma de ponencias y mesas redondas sobre la \u00faltima actualidad y tecnolog\u00edas de la soldadura y tecnolog\u00edas de uni\u00f3n\u201d&#8221; font_container=&#8221;tag:h6|font_size:20px|text_align:center&#8221; use_theme_fonts=&#8221;yes&#8221; css=&#8221;&#8221;][vc_empty_space][\/vc_column_inner][vc_column_inner width=&#8221;1\/6&#8243;][\/vc_column_inner][\/vc_row_inner][\/vc_column][\/vc_row][vc_row][vc_column][vc_column_text]<\/p>\n<p style=\"text-align: center;\">El t\u00edtulo de las ponencias est\u00e1 en el idioma en el que se han llevado a cabo. No ha habido servicio de traducci\u00f3n simult\u00e1nea.<\/p>\n<p>[\/vc_column_text][vc_tta_tabs title_tag=&#8221;h1&#8243; section_title_tag=&#8221;h1&#8243; shape=&#8221;square&#8221; spacing=&#8221;35&#8243; gap=&#8221;35&#8243; alignment=&#8221;center&#8221; active_section=&#8221;1&#8243;][vc_tta_section title=&#8221;D\u00eda 1&#8243; tab_id=&#8221;programa-dia1-unire&#8221;][vc_raw_html]JTNDaWZyYW1lJTIwaWQlM0QlMjJmMSUyMiUyMHNyYyUzRCUyMmh0dHBzJTNBJTJGJTJGcHVibGljYWx0LnhlcmlhLmVzJTJGdW5pcmUlMkZlcyUyRmN1c3RvbSUyRlByb2dyYW1hdW5pcmUlMjIlMjB3aWR0aCUzRCUyMjEwMCUyNSUyMiUyMGhlaWdodCUzRCUyMjIwMDAlMjIlMjBmcmFtZWJvcmRlciUzRCUyMjAlMjIlM0UlM0MlMkZpZnJhbWUlM0U=[\/vc_raw_html][\/vc_tta_section][vc_tta_section title=&#8221;D\u00eda 2&#8243; tab_id=&#8221;programa-dia2-unire&#8221;][vc_raw_html]JTNDaWZyYW1lJTIwaWQlM0QlMjJmMSUyMiUyMHNyYyUzRCUyMmh0dHBzJTNBJTJGJTJGcHVibGljYWx0LnhlcmlhLmVzJTJGdW5pcmUlMkZlcyUyRmN1c3RvbSUyRlByb2dyYW1hdW5pcmUyJTIyJTIwd2lkdGglM0QlMjIxMDAlMjUlMjIlMjBoZWlnaHQlM0QlMjIyMDAwJTIyJTIwZnJhbWVib3JkZXIlM0QlMjIwJTIyJTNFJTNDJTJGaWZyYW1lJTNF[\/vc_raw_html][\/vc_tta_section][\/vc_tta_tabs][\/vc_column][\/vc_row]<\/p>\n","protected":false},"excerpt":{"rendered":"<p>[vc_row full_width=&#8221;stretch_row&#8221; css=&#8221;.vc_custom_1716288908948{margin-top: 5px !important;padding-top: 80px !important;padding-bottom: 80px !important;background: #233744 url(https:\/\/expounire.org\/wp-content\/uploads\/2023\/03\/exhibitors-unire-1.jpg?id=16175) !important;background-position: 0 0 !important;background-repeat: no-repeat !important;}&#8221;][vc_column][vc_row_inner][vc_column_inner width=&#8221;1\/6&#8243;][\/vc_column_inner][vc_column_inner width=&#8221;2\/3&#8243;][vc_raw_html css=&#8221;&#8221;]JTNDSDElM0VDT05GRVJFTkNFJTIwQVJFQSUyMDIwMjMlM0MlMkZIMSUzRSUwQSUzQ2hyJTNF[\/vc_raw_html][\/vc_column_inner][vc_column_inner width=&#8221;1\/6&#8243;][\/vc_column_inner][\/vc_row_inner][\/vc_column][\/vc_row][vc_row full_width=&#8221;stretch_row&#8221; css=&#8221;.vc_custom_1716288745146{padding-top: 100px !important;padding-bottom: 60px !important;background-color: #f7f9fb !important;}&#8221;][vc_column][vc_column_text] La feria ha contado con un programa de ponencias t\u00e9cnicas por parte de las empresas expositoras que ha tenido lugar en el espacio Exhibitor&#8217;s Corner. [\/vc_column_text][vc_empty_space][vc_row_inner][vc_column_inner [&hellip;]<\/p>\n","protected":false},"author":8,"featured_media":0,"parent":0,"menu_order":0,"comment_status":"closed","ping_status":"closed","template":"","meta":{"footnotes":""},"class_list":["post-16997","page","type-page","status-publish","hentry"],"yoast_head":"<!-- This site is optimized with the Yoast SEO plugin v26.8 - https:\/\/yoast.com\/product\/yoast-seo-wordpress\/ -->\n<title>Conference area 2023 - Unire<\/title>\n<meta name=\"robots\" content=\"index, follow, max-snippet:-1, max-image-preview:large, max-video-preview:-1\" \/>\n<link rel=\"canonical\" href=\"https:\/\/ficobaunire.org\/?page_id=16616\" \/>\n<meta property=\"og:locale\" content=\"en_US\" \/>\n<meta property=\"og:type\" content=\"article\" \/>\n<meta property=\"og:title\" content=\"Conference area 2023 - Unire\" \/>\n<meta property=\"og:description\" content=\"[vc_row full_width=&#8221;stretch_row&#8221; css=&#8221;.vc_custom_1716288908948{margin-top: 5px !important;padding-top: 80px !important;padding-bottom: 80px !important;background: #233744 url(https:\/\/expounire.org\/wp-content\/uploads\/2023\/03\/exhibitors-unire-1.jpg?id=16175) !important;background-position: 0 0 !important;background-repeat: no-repeat !important;}&#8221;][vc_column][vc_row_inner][vc_column_inner width=&#8221;1\/6&#8243;][\/vc_column_inner][vc_column_inner width=&#8221;2\/3&#8243;][vc_raw_html css=&#8221;&#8221;]JTNDSDElM0VDT05GRVJFTkNFJTIwQVJFQSUyMDIwMjMlM0MlMkZIMSUzRSUwQSUzQ2hyJTNF[\/vc_raw_html][\/vc_column_inner][vc_column_inner width=&#8221;1\/6&#8243;][\/vc_column_inner][\/vc_row_inner][\/vc_column][\/vc_row][vc_row full_width=&#8221;stretch_row&#8221; css=&#8221;.vc_custom_1716288745146{padding-top: 100px !important;padding-bottom: 60px !important;background-color: #f7f9fb !important;}&#8221;][vc_column][vc_column_text] La feria ha contado con un programa de ponencias t\u00e9cnicas por parte de las empresas expositoras que ha tenido lugar en el espacio Exhibitor&#8217;s Corner. [\/vc_column_text][vc_empty_space][vc_row_inner][vc_column_inner [&hellip;]\" \/>\n<meta property=\"og:url\" content=\"https:\/\/ficobaunire.org\/?page_id=16616\" \/>\n<meta property=\"og:site_name\" content=\"Unire\" \/>\n<meta property=\"article:modified_time\" content=\"2024-12-03T11:38:41+00:00\" \/>\n<meta name=\"twitter:card\" content=\"summary_large_image\" \/>\n<meta name=\"twitter:label1\" content=\"Est. reading time\" \/>\n\t<meta name=\"twitter:data1\" content=\"2 minutes\" \/>\n<script type=\"application\/ld+json\" class=\"yoast-schema-graph\">{\"@context\":\"https:\/\/schema.org\",\"@graph\":[{\"@type\":\"WebPage\",\"@id\":\"https:\/\/ficobaunire.org\/?page_id=16616\",\"url\":\"https:\/\/ficobaunire.org\/?page_id=16616\",\"name\":\"Conference area 2023 - Unire\",\"isPartOf\":{\"@id\":\"https:\/\/ficobaunire.org\/#website\"},\"datePublished\":\"2024-05-28T08:32:04+00:00\",\"dateModified\":\"2024-12-03T11:38:41+00:00\",\"breadcrumb\":{\"@id\":\"https:\/\/ficobaunire.org\/?page_id=16616#breadcrumb\"},\"inLanguage\":\"en-US\",\"potentialAction\":[{\"@type\":\"ReadAction\",\"target\":[\"https:\/\/ficobaunire.org\/?page_id=16616\"]}]},{\"@type\":\"BreadcrumbList\",\"@id\":\"https:\/\/ficobaunire.org\/?page_id=16616#breadcrumb\",\"itemListElement\":[{\"@type\":\"ListItem\",\"position\":1,\"name\":\"Portada\",\"item\":\"https:\/\/ficobaunire.org\/en\/home\/\"},{\"@type\":\"ListItem\",\"position\":2,\"name\":\"Conference area 2023\"}]},{\"@type\":\"WebSite\",\"@id\":\"https:\/\/ficobaunire.org\/#website\",\"url\":\"https:\/\/ficobaunire.org\/\",\"name\":\"Unire\",\"description\":\"THE TRADE SHOW FOR WELDING AND OTHER JOINING TECHNOLOGIES \",\"publisher\":{\"@id\":\"https:\/\/ficobaunire.org\/#organization\"},\"potentialAction\":[{\"@type\":\"SearchAction\",\"target\":{\"@type\":\"EntryPoint\",\"urlTemplate\":\"https:\/\/ficobaunire.org\/?s={search_term_string}\"},\"query-input\":{\"@type\":\"PropertyValueSpecification\",\"valueRequired\":true,\"valueName\":\"search_term_string\"}}],\"inLanguage\":\"en-US\"},{\"@type\":\"Organization\",\"@id\":\"https:\/\/ficobaunire.org\/#organization\",\"name\":\"Unire\",\"url\":\"https:\/\/ficobaunire.org\/\",\"logo\":{\"@type\":\"ImageObject\",\"inLanguage\":\"en-US\",\"@id\":\"https:\/\/ficobaunire.org\/#\/schema\/logo\/image\/\",\"url\":\"https:\/\/ficobaunire.org\/wp-content\/uploads\/2024\/10\/logo_unire_LI.png\",\"contentUrl\":\"https:\/\/ficobaunire.org\/wp-content\/uploads\/2024\/10\/logo_unire_LI.png\",\"width\":130,\"height\":48,\"caption\":\"Unire\"},\"image\":{\"@id\":\"https:\/\/ficobaunire.org\/#\/schema\/logo\/image\/\"}}]}<\/script>\n<!-- \/ Yoast SEO plugin. -->","yoast_head_json":{"title":"Conference area 2023 - Unire","robots":{"index":"index","follow":"follow","max-snippet":"max-snippet:-1","max-image-preview":"max-image-preview:large","max-video-preview":"max-video-preview:-1"},"canonical":"https:\/\/ficobaunire.org\/?page_id=16616","og_locale":"en_US","og_type":"article","og_title":"Conference area 2023 - Unire","og_description":"[vc_row full_width=&#8221;stretch_row&#8221; css=&#8221;.vc_custom_1716288908948{margin-top: 5px !important;padding-top: 80px !important;padding-bottom: 80px !important;background: #233744 url(https:\/\/expounire.org\/wp-content\/uploads\/2023\/03\/exhibitors-unire-1.jpg?id=16175) !important;background-position: 0 0 !important;background-repeat: no-repeat !important;}&#8221;][vc_column][vc_row_inner][vc_column_inner width=&#8221;1\/6&#8243;][\/vc_column_inner][vc_column_inner width=&#8221;2\/3&#8243;][vc_raw_html css=&#8221;&#8221;]JTNDSDElM0VDT05GRVJFTkNFJTIwQVJFQSUyMDIwMjMlM0MlMkZIMSUzRSUwQSUzQ2hyJTNF[\/vc_raw_html][\/vc_column_inner][vc_column_inner width=&#8221;1\/6&#8243;][\/vc_column_inner][\/vc_row_inner][\/vc_column][\/vc_row][vc_row full_width=&#8221;stretch_row&#8221; css=&#8221;.vc_custom_1716288745146{padding-top: 100px !important;padding-bottom: 60px !important;background-color: #f7f9fb !important;}&#8221;][vc_column][vc_column_text] La feria ha contado con un programa de ponencias t\u00e9cnicas por parte de las empresas expositoras que ha tenido lugar en el espacio Exhibitor&#8217;s Corner. [\/vc_column_text][vc_empty_space][vc_row_inner][vc_column_inner [&hellip;]","og_url":"https:\/\/ficobaunire.org\/?page_id=16616","og_site_name":"Unire","article_modified_time":"2024-12-03T11:38:41+00:00","twitter_card":"summary_large_image","twitter_misc":{"Est. reading time":"2 minutes"},"schema":{"@context":"https:\/\/schema.org","@graph":[{"@type":"WebPage","@id":"https:\/\/ficobaunire.org\/?page_id=16616","url":"https:\/\/ficobaunire.org\/?page_id=16616","name":"Conference area 2023 - Unire","isPartOf":{"@id":"https:\/\/ficobaunire.org\/#website"},"datePublished":"2024-05-28T08:32:04+00:00","dateModified":"2024-12-03T11:38:41+00:00","breadcrumb":{"@id":"https:\/\/ficobaunire.org\/?page_id=16616#breadcrumb"},"inLanguage":"en-US","potentialAction":[{"@type":"ReadAction","target":["https:\/\/ficobaunire.org\/?page_id=16616"]}]},{"@type":"BreadcrumbList","@id":"https:\/\/ficobaunire.org\/?page_id=16616#breadcrumb","itemListElement":[{"@type":"ListItem","position":1,"name":"Portada","item":"https:\/\/ficobaunire.org\/en\/home\/"},{"@type":"ListItem","position":2,"name":"Conference area 2023"}]},{"@type":"WebSite","@id":"https:\/\/ficobaunire.org\/#website","url":"https:\/\/ficobaunire.org\/","name":"Unire","description":"THE TRADE SHOW FOR WELDING AND OTHER JOINING TECHNOLOGIES ","publisher":{"@id":"https:\/\/ficobaunire.org\/#organization"},"potentialAction":[{"@type":"SearchAction","target":{"@type":"EntryPoint","urlTemplate":"https:\/\/ficobaunire.org\/?s={search_term_string}"},"query-input":{"@type":"PropertyValueSpecification","valueRequired":true,"valueName":"search_term_string"}}],"inLanguage":"en-US"},{"@type":"Organization","@id":"https:\/\/ficobaunire.org\/#organization","name":"Unire","url":"https:\/\/ficobaunire.org\/","logo":{"@type":"ImageObject","inLanguage":"en-US","@id":"https:\/\/ficobaunire.org\/#\/schema\/logo\/image\/","url":"https:\/\/ficobaunire.org\/wp-content\/uploads\/2024\/10\/logo_unire_LI.png","contentUrl":"https:\/\/ficobaunire.org\/wp-content\/uploads\/2024\/10\/logo_unire_LI.png","width":130,"height":48,"caption":"Unire"},"image":{"@id":"https:\/\/ficobaunire.org\/#\/schema\/logo\/image\/"}}]}},"_links":{"self":[{"href":"https:\/\/ficobaunire.org\/en\/wp-json\/wp\/v2\/pages\/16997","targetHints":{"allow":["GET"]}}],"collection":[{"href":"https:\/\/ficobaunire.org\/en\/wp-json\/wp\/v2\/pages"}],"about":[{"href":"https:\/\/ficobaunire.org\/en\/wp-json\/wp\/v2\/types\/page"}],"author":[{"embeddable":true,"href":"https:\/\/ficobaunire.org\/en\/wp-json\/wp\/v2\/users\/8"}],"replies":[{"embeddable":true,"href":"https:\/\/ficobaunire.org\/en\/wp-json\/wp\/v2\/comments?post=16997"}],"version-history":[{"count":9,"href":"https:\/\/ficobaunire.org\/en\/wp-json\/wp\/v2\/pages\/16997\/revisions"}],"predecessor-version":[{"id":19725,"href":"https:\/\/ficobaunire.org\/en\/wp-json\/wp\/v2\/pages\/16997\/revisions\/19725"}],"wp:attachment":[{"href":"https:\/\/ficobaunire.org\/en\/wp-json\/wp\/v2\/media?parent=16997"}],"curies":[{"name":"wp","href":"https:\/\/api.w.org\/{rel}","templated":true}]}}