{"id":10977,"date":"2022-06-27T12:57:18","date_gmt":"2022-06-27T12:57:18","guid":{"rendered":"https:\/\/expounire.org\/news\/"},"modified":"2024-12-10T22:57:00","modified_gmt":"2024-12-10T22:57:00","slug":"news","status":"publish","type":"page","link":"https:\/\/ficobaunire.org\/en\/news\/","title":{"rendered":"News"},"content":{"rendered":"\t\t<div data-elementor-type=\"wp-page\" data-elementor-id=\"10977\" class=\"elementor elementor-10977 elementor-7786\" data-elementor-post-type=\"page\">\n\t\t\t\t<div class=\"elementor-element elementor-element-fb1c7a8 e-flex e-con-boxed e-con e-parent\" data-id=\"fb1c7a8\" data-element_type=\"container\">\n\t\t\t\t\t<div class=\"e-con-inner\">\n\t\t\t\t<div class=\"elementor-element elementor-element-520f2da elementor-widget elementor-widget-heading\" data-id=\"520f2da\" data-element_type=\"widget\" data-widget_type=\"heading.default\">\n\t\t\t\t<div class=\"elementor-widget-container\">\n\t\t\t\t\t<h1 class=\"elementor-heading-title elementor-size-default\">NEWS<\/h1>\t\t\t\t<\/div>\n\t\t\t\t<\/div>\n\t\t\t\t<div class=\"elementor-element elementor-element-93eeea7 elementor-widget-divider--view-line elementor-widget elementor-widget-divider\" data-id=\"93eeea7\" data-element_type=\"widget\" data-widget_type=\"divider.default\">\n\t\t\t\t<div class=\"elementor-widget-container\">\n\t\t\t\t\t\t\t<div class=\"elementor-divider\">\n\t\t\t<span class=\"elementor-divider-separator\">\n\t\t\t\t\t\t<\/span>\n\t\t<\/div>\n\t\t\t\t\t\t<\/div>\n\t\t\t\t<\/div>\n\t\t\t\t\t<\/div>\n\t\t\t\t<\/div>\n\t\t<div class=\"elementor-element elementor-element-09166d7 e-flex e-con-boxed e-con e-parent\" data-id=\"09166d7\" data-element_type=\"container\">\n\t\t\t\t\t<div class=\"e-con-inner\">\n\t\t\t\t<div class=\"elementor-element elementor-element-ed8c38c e-n-tabs-none elementor-widget elementor-widget-n-tabs\" data-id=\"ed8c38c\" data-element_type=\"widget\" data-settings=\"{&quot;horizontal_scroll&quot;:&quot;enable&quot;,&quot;horizontal_scroll_mobile&quot;:&quot;enable&quot;}\" data-widget_type=\"nested-tabs.default\">\n\t\t\t\t<div class=\"elementor-widget-container\">\n\t\t\t\t\t\t\t<div class=\"e-n-tabs\" data-widget-number=\"249086860\" aria-label=\"Tabs. Open items with Enter or Space, close with Escape and navigate using the Arrow keys.\">\n\t\t\t<div class=\"e-n-tabs-heading\" role=\"tablist\">\n\t\t\t\t\t<button id=\"e-n-tab-title-2490868601\" data-tab-title-id=\"e-n-tab-title-2490868601\" class=\"e-n-tab-title\" aria-selected=\"true\" data-tab-index=\"1\" role=\"tab\" tabindex=\"0\" aria-controls=\"e-n-tab-content-2490868601\" style=\"--n-tabs-title-order: 1;\">\n\t\t\t\t\t\t<span class=\"e-n-tab-title-text\">\n\t\t\t\tEdition 2025\t\t\t<\/span>\n\t\t<\/button>\n\t\t\t\t<button id=\"e-n-tab-title-2490868602\" data-tab-title-id=\"e-n-tab-title-2490868602\" class=\"e-n-tab-title\" aria-selected=\"false\" data-tab-index=\"2\" role=\"tab\" tabindex=\"-1\" aria-controls=\"e-n-tab-content-2490868602\" style=\"--n-tabs-title-order: 2;\">\n\t\t\t\t\t\t<span class=\"e-n-tab-title-text\">\n\t\t\t\tEdition 2023\t\t\t<\/span>\n\t\t<\/button>\n\t\t\t\t\t<\/div>\n\t\t\t<div class=\"e-n-tabs-content\">\n\t\t\t\t<div id=\"e-n-tab-content-2490868601\" role=\"tabpanel\" aria-labelledby=\"e-n-tab-title-2490868601\" data-tab-index=\"1\" style=\"--n-tabs-title-order: 1;\" class=\"e-active elementor-element elementor-element-0b562bd e-con-full e-flex e-con e-child\" data-id=\"0b562bd\" data-element_type=\"container\">\n\t\t\t\t<\/div>\n\t\t<div id=\"e-n-tab-content-2490868602\" role=\"tabpanel\" aria-labelledby=\"e-n-tab-title-2490868602\" data-tab-index=\"2\" style=\"--n-tabs-title-order: 2;\" class=\" elementor-element elementor-element-10182de e-con-full e-flex e-con e-child\" data-id=\"10182de\" data-element_type=\"container\">\n\t\t\t\t<\/div>\n\t\t\t\t\t<\/div>\n\t\t<\/div>\n\t\t\t\t\t\t<\/div>\n\t\t\t\t<\/div>\n\t\t\t\t\t<\/div>\n\t\t\t\t<\/div>\n\t\t\t\t<\/div>\n\t\t","protected":false},"excerpt":{"rendered":"<p>NEWS Edition 2025 Edition 2023 UNIRE avanza con fuerza: a m\u00e1s de cuatro meses de su celebraci\u00f3n, ya se ha reservado el 70% del espacio expositivo 21 de noviembre de 2024 La segunda edici\u00f3n de la feria UNIRE ya tiene fecha: 18 y 19 de marzo de 2025 en Ficoba 30 de octubre de 2024 [&hellip;]<\/p>\n","protected":false},"author":8,"featured_media":0,"parent":0,"menu_order":0,"comment_status":"closed","ping_status":"closed","template":"","meta":{"footnotes":""},"class_list":["post-10977","page","type-page","status-publish","hentry"],"yoast_head":"<!-- This site is optimized with the Yoast SEO plugin v26.8 - https:\/\/yoast.com\/product\/yoast-seo-wordpress\/ -->\n<title>News - Unire<\/title>\n<meta name=\"robots\" content=\"index, follow, max-snippet:-1, max-image-preview:large, max-video-preview:-1\" \/>\n<link rel=\"canonical\" href=\"https:\/\/ficobaunire.org\/noticias\/\" \/>\n<meta property=\"og:locale\" content=\"en_US\" \/>\n<meta property=\"og:type\" content=\"article\" \/>\n<meta property=\"og:title\" content=\"News - Unire\" \/>\n<meta property=\"og:description\" content=\"NEWS Edition 2025 Edition 2023 UNIRE avanza con fuerza: a m\u00e1s de cuatro meses de su celebraci\u00f3n, ya se ha reservado el 70% del espacio expositivo 21 de noviembre de 2024 La segunda edici\u00f3n de la feria UNIRE ya tiene fecha: 18 y 19 de marzo de 2025 en Ficoba 30 de octubre de 2024 [&hellip;]\" \/>\n<meta property=\"og:url\" content=\"https:\/\/ficobaunire.org\/noticias\/\" \/>\n<meta property=\"og:site_name\" content=\"Unire\" \/>\n<meta property=\"article:modified_time\" content=\"2024-12-10T22:57:00+00:00\" \/>\n<meta property=\"og:image\" content=\"https:\/\/ficobaunire.org\/wp-content\/uploads\/2024\/11\/2303-FICOBA-UNIRE_051b.jpg\" \/>\n\t<meta property=\"og:image:width\" content=\"1800\" \/>\n\t<meta property=\"og:image:height\" content=\"1200\" \/>\n\t<meta property=\"og:image:type\" content=\"image\/jpeg\" \/>\n<meta name=\"twitter:card\" content=\"summary_large_image\" \/>\n<meta name=\"twitter:label1\" content=\"Est. reading time\" \/>\n\t<meta name=\"twitter:data1\" content=\"1 minute\" \/>\n<script type=\"application\/ld+json\" class=\"yoast-schema-graph\">{\"@context\":\"https:\/\/schema.org\",\"@graph\":[{\"@type\":\"WebPage\",\"@id\":\"https:\/\/ficobaunire.org\/noticias\/\",\"url\":\"https:\/\/ficobaunire.org\/noticias\/\",\"name\":\"News - Unire\",\"isPartOf\":{\"@id\":\"https:\/\/ficobaunire.org\/#website\"},\"primaryImageOfPage\":{\"@id\":\"https:\/\/ficobaunire.org\/noticias\/#primaryimage\"},\"image\":{\"@id\":\"https:\/\/ficobaunire.org\/noticias\/#primaryimage\"},\"thumbnailUrl\":\"https:\/\/ficobaunire.org\/wp-content\/uploads\/2024\/11\/2303-FICOBA-UNIRE_051b.jpg\",\"datePublished\":\"2022-06-27T12:57:18+00:00\",\"dateModified\":\"2024-12-10T22:57:00+00:00\",\"breadcrumb\":{\"@id\":\"https:\/\/ficobaunire.org\/noticias\/#breadcrumb\"},\"inLanguage\":\"en-US\",\"potentialAction\":[{\"@type\":\"ReadAction\",\"target\":[\"https:\/\/ficobaunire.org\/noticias\/\"]}]},{\"@type\":\"ImageObject\",\"inLanguage\":\"en-US\",\"@id\":\"https:\/\/ficobaunire.org\/noticias\/#primaryimage\",\"url\":\"https:\/\/ficobaunire.org\/wp-content\/uploads\/2024\/11\/2303-FICOBA-UNIRE_051b.jpg\",\"contentUrl\":\"https:\/\/ficobaunire.org\/wp-content\/uploads\/2024\/11\/2303-FICOBA-UNIRE_051b.jpg\"},{\"@type\":\"BreadcrumbList\",\"@id\":\"https:\/\/ficobaunire.org\/noticias\/#breadcrumb\",\"itemListElement\":[{\"@type\":\"ListItem\",\"position\":1,\"name\":\"Portada\",\"item\":\"https:\/\/ficobaunire.org\/en\/home\/\"},{\"@type\":\"ListItem\",\"position\":2,\"name\":\"News\"}]},{\"@type\":\"WebSite\",\"@id\":\"https:\/\/ficobaunire.org\/#website\",\"url\":\"https:\/\/ficobaunire.org\/\",\"name\":\"Unire\",\"description\":\"THE TRADE SHOW FOR WELDING AND OTHER JOINING TECHNOLOGIES \",\"publisher\":{\"@id\":\"https:\/\/ficobaunire.org\/#organization\"},\"potentialAction\":[{\"@type\":\"SearchAction\",\"target\":{\"@type\":\"EntryPoint\",\"urlTemplate\":\"https:\/\/ficobaunire.org\/?s={search_term_string}\"},\"query-input\":{\"@type\":\"PropertyValueSpecification\",\"valueRequired\":true,\"valueName\":\"search_term_string\"}}],\"inLanguage\":\"en-US\"},{\"@type\":\"Organization\",\"@id\":\"https:\/\/ficobaunire.org\/#organization\",\"name\":\"Unire\",\"url\":\"https:\/\/ficobaunire.org\/\",\"logo\":{\"@type\":\"ImageObject\",\"inLanguage\":\"en-US\",\"@id\":\"https:\/\/ficobaunire.org\/#\/schema\/logo\/image\/\",\"url\":\"https:\/\/ficobaunire.org\/wp-content\/uploads\/2024\/10\/logo_unire_LI.png\",\"contentUrl\":\"https:\/\/ficobaunire.org\/wp-content\/uploads\/2024\/10\/logo_unire_LI.png\",\"width\":130,\"height\":48,\"caption\":\"Unire\"},\"image\":{\"@id\":\"https:\/\/ficobaunire.org\/#\/schema\/logo\/image\/\"}}]}<\/script>\n<!-- \/ Yoast SEO plugin. -->","yoast_head_json":{"title":"News - Unire","robots":{"index":"index","follow":"follow","max-snippet":"max-snippet:-1","max-image-preview":"max-image-preview:large","max-video-preview":"max-video-preview:-1"},"canonical":"https:\/\/ficobaunire.org\/noticias\/","og_locale":"en_US","og_type":"article","og_title":"News - Unire","og_description":"NEWS Edition 2025 Edition 2023 UNIRE avanza con fuerza: a m\u00e1s de cuatro meses de su celebraci\u00f3n, ya se ha reservado el 70% del espacio expositivo 21 de noviembre de 2024 La segunda edici\u00f3n de la feria UNIRE ya tiene fecha: 18 y 19 de marzo de 2025 en Ficoba 30 de octubre de 2024 [&hellip;]","og_url":"https:\/\/ficobaunire.org\/noticias\/","og_site_name":"Unire","article_modified_time":"2024-12-10T22:57:00+00:00","og_image":[{"width":1800,"height":1200,"url":"https:\/\/ficobaunire.org\/wp-content\/uploads\/2024\/11\/2303-FICOBA-UNIRE_051b.jpg","type":"image\/jpeg"}],"twitter_card":"summary_large_image","twitter_misc":{"Est. reading time":"1 minute"},"schema":{"@context":"https:\/\/schema.org","@graph":[{"@type":"WebPage","@id":"https:\/\/ficobaunire.org\/noticias\/","url":"https:\/\/ficobaunire.org\/noticias\/","name":"News - Unire","isPartOf":{"@id":"https:\/\/ficobaunire.org\/#website"},"primaryImageOfPage":{"@id":"https:\/\/ficobaunire.org\/noticias\/#primaryimage"},"image":{"@id":"https:\/\/ficobaunire.org\/noticias\/#primaryimage"},"thumbnailUrl":"https:\/\/ficobaunire.org\/wp-content\/uploads\/2024\/11\/2303-FICOBA-UNIRE_051b.jpg","datePublished":"2022-06-27T12:57:18+00:00","dateModified":"2024-12-10T22:57:00+00:00","breadcrumb":{"@id":"https:\/\/ficobaunire.org\/noticias\/#breadcrumb"},"inLanguage":"en-US","potentialAction":[{"@type":"ReadAction","target":["https:\/\/ficobaunire.org\/noticias\/"]}]},{"@type":"ImageObject","inLanguage":"en-US","@id":"https:\/\/ficobaunire.org\/noticias\/#primaryimage","url":"https:\/\/ficobaunire.org\/wp-content\/uploads\/2024\/11\/2303-FICOBA-UNIRE_051b.jpg","contentUrl":"https:\/\/ficobaunire.org\/wp-content\/uploads\/2024\/11\/2303-FICOBA-UNIRE_051b.jpg"},{"@type":"BreadcrumbList","@id":"https:\/\/ficobaunire.org\/noticias\/#breadcrumb","itemListElement":[{"@type":"ListItem","position":1,"name":"Portada","item":"https:\/\/ficobaunire.org\/en\/home\/"},{"@type":"ListItem","position":2,"name":"News"}]},{"@type":"WebSite","@id":"https:\/\/ficobaunire.org\/#website","url":"https:\/\/ficobaunire.org\/","name":"Unire","description":"THE TRADE SHOW FOR WELDING AND OTHER JOINING TECHNOLOGIES ","publisher":{"@id":"https:\/\/ficobaunire.org\/#organization"},"potentialAction":[{"@type":"SearchAction","target":{"@type":"EntryPoint","urlTemplate":"https:\/\/ficobaunire.org\/?s={search_term_string}"},"query-input":{"@type":"PropertyValueSpecification","valueRequired":true,"valueName":"search_term_string"}}],"inLanguage":"en-US"},{"@type":"Organization","@id":"https:\/\/ficobaunire.org\/#organization","name":"Unire","url":"https:\/\/ficobaunire.org\/","logo":{"@type":"ImageObject","inLanguage":"en-US","@id":"https:\/\/ficobaunire.org\/#\/schema\/logo\/image\/","url":"https:\/\/ficobaunire.org\/wp-content\/uploads\/2024\/10\/logo_unire_LI.png","contentUrl":"https:\/\/ficobaunire.org\/wp-content\/uploads\/2024\/10\/logo_unire_LI.png","width":130,"height":48,"caption":"Unire"},"image":{"@id":"https:\/\/ficobaunire.org\/#\/schema\/logo\/image\/"}}]}},"_links":{"self":[{"href":"https:\/\/ficobaunire.org\/en\/wp-json\/wp\/v2\/pages\/10977","targetHints":{"allow":["GET"]}}],"collection":[{"href":"https:\/\/ficobaunire.org\/en\/wp-json\/wp\/v2\/pages"}],"about":[{"href":"https:\/\/ficobaunire.org\/en\/wp-json\/wp\/v2\/types\/page"}],"author":[{"embeddable":true,"href":"https:\/\/ficobaunire.org\/en\/wp-json\/wp\/v2\/users\/8"}],"replies":[{"embeddable":true,"href":"https:\/\/ficobaunire.org\/en\/wp-json\/wp\/v2\/comments?post=10977"}],"version-history":[{"count":19,"href":"https:\/\/ficobaunire.org\/en\/wp-json\/wp\/v2\/pages\/10977\/revisions"}],"predecessor-version":[{"id":20605,"href":"https:\/\/ficobaunire.org\/en\/wp-json\/wp\/v2\/pages\/10977\/revisions\/20605"}],"wp:attachment":[{"href":"https:\/\/ficobaunire.org\/en\/wp-json\/wp\/v2\/media?parent=10977"}],"curies":[{"name":"wp","href":"https:\/\/api.w.org\/{rel}","templated":true}]}}