{"id":10969,"date":"2022-06-27T12:52:51","date_gmt":"2022-06-27T12:52:51","guid":{"rendered":"https:\/\/expounire.org\/exhibitors-contact\/"},"modified":"2024-11-22T08:25:30","modified_gmt":"2024-11-22T08:25:30","slug":"exhibitors-contact","status":"publish","type":"page","link":"https:\/\/ficobaunire.org\/en\/exhibitors-contact\/","title":{"rendered":"Exhibitors contact"},"content":{"rendered":"\t\t<div data-elementor-type=\"wp-page\" data-elementor-id=\"10969\" class=\"elementor elementor-10969\" data-elementor-post-type=\"page\">\n\t\t\t\t<div class=\"elementor-element elementor-element-0dc6acb e-flex e-con-boxed e-con e-parent\" data-id=\"0dc6acb\" data-element_type=\"container\">\n\t\t\t\t\t<div class=\"e-con-inner\">\n\t\t\t\t<div class=\"elementor-element elementor-element-8e6ade6 elementor-widget elementor-widget-heading\" data-id=\"8e6ade6\" data-element_type=\"widget\" data-widget_type=\"heading.default\">\n\t\t\t\t<div class=\"elementor-widget-container\">\n\t\t\t\t\t<h1 class=\"elementor-heading-title elementor-size-default\">EXHIBITOR CONTACT<\/h1>\t\t\t\t<\/div>\n\t\t\t\t<\/div>\n\t\t\t\t<div class=\"elementor-element elementor-element-26d2474 elementor-widget-divider--view-line elementor-widget elementor-widget-divider\" data-id=\"26d2474\" data-element_type=\"widget\" data-widget_type=\"divider.default\">\n\t\t\t\t<div class=\"elementor-widget-container\">\n\t\t\t\t\t\t\t<div class=\"elementor-divider\">\n\t\t\t<span class=\"elementor-divider-separator\">\n\t\t\t\t\t\t<\/span>\n\t\t<\/div>\n\t\t\t\t\t\t<\/div>\n\t\t\t\t<\/div>\n\t\t\t\t\t<\/div>\n\t\t\t\t<\/div>\n\t\t<div class=\"elementor-element elementor-element-d34e823 e-flex e-con-boxed e-con e-parent\" data-id=\"d34e823\" data-element_type=\"container\" data-settings=\"{&quot;background_background&quot;:&quot;classic&quot;}\">\n\t\t\t\t\t<div class=\"e-con-inner\">\n\t\t<div class=\"elementor-element elementor-element-0362186 e-con-full e-flex e-con e-child\" data-id=\"0362186\" data-element_type=\"container\">\n\t\t\t\t<div class=\"elementor-element elementor-element-6e74997 elementor-widget elementor-widget-heading\" data-id=\"6e74997\" data-element_type=\"widget\" data-widget_type=\"heading.default\">\n\t\t\t\t<div class=\"elementor-widget-container\">\n\t\t\t\t\t<h2 class=\"elementor-heading-title elementor-size-default\">Configurar correo <\/h2>\t\t\t\t<\/div>\n\t\t\t\t<\/div>\n\t\t\t\t<div class=\"elementor-element elementor-element-08bd265 elementor-widget elementor-widget-heading\" data-id=\"08bd265\" data-element_type=\"widget\" data-widget_type=\"heading.default\">\n\t\t\t\t<div class=\"elementor-widget-container\">\n\t\t\t\t\t<h2 class=\"elementor-heading-title elementor-size-default\">Departamento expositores:\n<\/h2>\t\t\t\t<\/div>\n\t\t\t\t<\/div>\n\t\t\t\t<div class=\"elementor-element elementor-element-a3e7d5d elementor-widget elementor-widget-text-editor\" data-id=\"a3e7d5d\" data-element_type=\"widget\" data-widget_type=\"text-editor.default\">\n\t\t\t\t<div class=\"elementor-widget-container\">\n\t\t\t\t\t\t\t\t\t<h5 class=\"vc_custom_heading vc_do_custom_heading vc_custom_1623230003288\">Email:<span style=\"color: #223744;\"> <a style=\"color: #223744;\" href=\"mailto:info@expounire.org\">info@expounire.org<\/a><\/span><\/h5>\n<h5 class=\"vc_custom_heading vc_do_custom_heading\">Tel.: <span style=\"color: #223744;\"><a style=\"color: #223744;\" href=\"tel:943667788\">+34 943 667788<\/a><\/span><\/h5>\n\t\t\t\t\t\t\t\t<\/div>\n\t\t\t\t<\/div>\n\t\t\t\t<div class=\"elementor-element elementor-element-3f6eb0d elementor-widget elementor-widget-text-editor\" data-id=\"3f6eb0d\" data-element_type=\"widget\" data-widget_type=\"text-editor.default\">\n\t\t\t\t<div class=\"elementor-widget-container\">\n\t\t\t\t\t\t\t\t\t<p>P\u00f3ngase en contacto con el Departamento comercial para m\u00e1s informaci\u00f3n<\/p>\n\t\t\t\t\t\t\t\t<\/div>\n\t\t\t\t<\/div>\n\t\t\t\t<\/div>\n\t\t<div class=\"elementor-element elementor-element-ef81210 e-con-full e-flex e-con e-child\" data-id=\"ef81210\" data-element_type=\"container\">\n\t\t\t\t<div class=\"elementor-element elementor-element-edafa33 elementor-button-align-stretch elementor-widget elementor-widget-form\" data-id=\"edafa33\" data-element_type=\"widget\" data-settings=\"{&quot;step_next_label&quot;:&quot;Next&quot;,&quot;step_previous_label&quot;:&quot;Previous&quot;,&quot;button_width&quot;:&quot;100&quot;,&quot;step_type&quot;:&quot;number_text&quot;,&quot;step_icon_shape&quot;:&quot;circle&quot;}\" data-widget_type=\"form.default\">\n\t\t\t\t<div class=\"elementor-widget-container\">\n\t\t\t\t\t\t\t<form class=\"elementor-form\" method=\"post\" name=\"Nuevo formulario\" aria-label=\"Nuevo formulario\">\n\t\t\t<input type=\"hidden\" name=\"post_id\" value=\"10969\"\/>\n\t\t\t<input type=\"hidden\" name=\"form_id\" value=\"edafa33\"\/>\n\t\t\t<input type=\"hidden\" name=\"referer_title\" value=\"Unire\" \/>\n\n\t\t\t\n\t\t\t<div class=\"elementor-form-fields-wrapper elementor-labels-above\">\n\t\t\t\t\t\t\t\t<div class=\"elementor-field-type-text elementor-field-group elementor-column elementor-field-group-name elementor-col-100\">\n\t\t\t\t\t\t\t\t\t\t\t\t\t<input size=\"1\" type=\"text\" name=\"form_fields[name]\" id=\"form-field-name\" class=\"elementor-field elementor-size-sm  elementor-field-textual\" placeholder=\"Name\">\n\t\t\t\t\t\t\t\t\t\t\t<\/div>\n\t\t\t\t\t\t\t\t<div class=\"elementor-field-type-email elementor-field-group elementor-column elementor-field-group-email elementor-col-100 elementor-field-required\">\n\t\t\t\t\t\t\t\t\t\t\t\t\t<input size=\"1\" type=\"email\" name=\"form_fields[email]\" id=\"form-field-email\" class=\"elementor-field elementor-size-sm  elementor-field-textual\" placeholder=\"Email\" required=\"required\">\n\t\t\t\t\t\t\t\t\t\t\t<\/div>\n\t\t\t\t\t\t\t\t<div class=\"elementor-field-type-textarea elementor-field-group elementor-column elementor-field-group-message elementor-col-100\">\n\t\t\t\t\t<textarea class=\"elementor-field-textual elementor-field  elementor-size-sm\" name=\"form_fields[message]\" id=\"form-field-message\" rows=\"4\" placeholder=\"Mensaje\"><\/textarea>\t\t\t\t<\/div>\n\t\t\t\t\t\t\t\t<div class=\"elementor-field-group elementor-column elementor-field-type-submit elementor-col-100 e-form__buttons\">\n\t\t\t\t\t<button class=\"elementor-button elementor-size-sm\" type=\"submit\">\n\t\t\t\t\t\t<span class=\"elementor-button-content-wrapper\">\n\t\t\t\t\t\t\t\t\t\t\t\t\t\t\t\t\t\t\t\t\t\t<span class=\"elementor-button-text\">Send<\/span>\n\t\t\t\t\t\t\t\t\t\t\t\t\t<\/span>\n\t\t\t\t\t<\/button>\n\t\t\t\t<\/div>\n\t\t\t<\/div>\n\t\t<\/form>\n\t\t\t\t\t\t<\/div>\n\t\t\t\t<\/div>\n\t\t\t\t<\/div>\n\t\t\t\t\t<\/div>\n\t\t\t\t<\/div>\n\t\t\t\t<\/div>\n\t\t","protected":false},"excerpt":{"rendered":"<p>EXHIBITOR CONTACT Configurar correo Departamento expositores: Email: info@expounire.org Tel.: +34 943 667788 P\u00f3ngase en contacto con el Departamento comercial para m\u00e1s informaci\u00f3n<\/p>\n","protected":false},"author":8,"featured_media":0,"parent":0,"menu_order":0,"comment_status":"closed","ping_status":"closed","template":"","meta":{"footnotes":""},"class_list":["post-10969","page","type-page","status-publish","hentry"],"yoast_head":"<!-- This site is optimized with the Yoast SEO plugin v26.8 - https:\/\/yoast.com\/product\/yoast-seo-wordpress\/ -->\n<title>Exhibitors contact - Unire<\/title>\n<meta name=\"robots\" content=\"index, follow, max-snippet:-1, max-image-preview:large, max-video-preview:-1\" \/>\n<link rel=\"canonical\" href=\"https:\/\/ficobaunire.org\/?page_id=6222\" \/>\n<meta property=\"og:locale\" content=\"en_US\" \/>\n<meta property=\"og:type\" content=\"article\" \/>\n<meta property=\"og:title\" content=\"Exhibitors contact - Unire\" \/>\n<meta property=\"og:description\" content=\"EXHIBITOR CONTACT Configurar correo Departamento expositores: Email: info@expounire.org Tel.: +34 943 667788 P\u00f3ngase en contacto con el Departamento comercial para m\u00e1s informaci\u00f3n\" \/>\n<meta property=\"og:url\" content=\"https:\/\/ficobaunire.org\/?page_id=6222\" \/>\n<meta property=\"og:site_name\" content=\"Unire\" \/>\n<meta property=\"article:modified_time\" content=\"2024-11-22T08:25:30+00:00\" \/>\n<meta name=\"twitter:card\" content=\"summary_large_image\" \/>\n<script type=\"application\/ld+json\" class=\"yoast-schema-graph\">{\"@context\":\"https:\/\/schema.org\",\"@graph\":[{\"@type\":\"WebPage\",\"@id\":\"https:\/\/ficobaunire.org\/?page_id=6222\",\"url\":\"https:\/\/ficobaunire.org\/?page_id=6222\",\"name\":\"Exhibitors contact - Unire\",\"isPartOf\":{\"@id\":\"https:\/\/ficobaunire.org\/#website\"},\"datePublished\":\"2022-06-27T12:52:51+00:00\",\"dateModified\":\"2024-11-22T08:25:30+00:00\",\"breadcrumb\":{\"@id\":\"https:\/\/ficobaunire.org\/?page_id=6222#breadcrumb\"},\"inLanguage\":\"en-US\",\"potentialAction\":[{\"@type\":\"ReadAction\",\"target\":[\"https:\/\/ficobaunire.org\/?page_id=6222\"]}]},{\"@type\":\"BreadcrumbList\",\"@id\":\"https:\/\/ficobaunire.org\/?page_id=6222#breadcrumb\",\"itemListElement\":[{\"@type\":\"ListItem\",\"position\":1,\"name\":\"Portada\",\"item\":\"https:\/\/ficobaunire.org\/en\/home\/\"},{\"@type\":\"ListItem\",\"position\":2,\"name\":\"Exhibitors contact\"}]},{\"@type\":\"WebSite\",\"@id\":\"https:\/\/ficobaunire.org\/#website\",\"url\":\"https:\/\/ficobaunire.org\/\",\"name\":\"Unire\",\"description\":\"THE TRADE SHOW FOR WELDING AND OTHER JOINING TECHNOLOGIES \",\"publisher\":{\"@id\":\"https:\/\/ficobaunire.org\/#organization\"},\"potentialAction\":[{\"@type\":\"SearchAction\",\"target\":{\"@type\":\"EntryPoint\",\"urlTemplate\":\"https:\/\/ficobaunire.org\/?s={search_term_string}\"},\"query-input\":{\"@type\":\"PropertyValueSpecification\",\"valueRequired\":true,\"valueName\":\"search_term_string\"}}],\"inLanguage\":\"en-US\"},{\"@type\":\"Organization\",\"@id\":\"https:\/\/ficobaunire.org\/#organization\",\"name\":\"Unire\",\"url\":\"https:\/\/ficobaunire.org\/\",\"logo\":{\"@type\":\"ImageObject\",\"inLanguage\":\"en-US\",\"@id\":\"https:\/\/ficobaunire.org\/#\/schema\/logo\/image\/\",\"url\":\"https:\/\/ficobaunire.org\/wp-content\/uploads\/2024\/10\/logo_unire_LI.png\",\"contentUrl\":\"https:\/\/ficobaunire.org\/wp-content\/uploads\/2024\/10\/logo_unire_LI.png\",\"width\":130,\"height\":48,\"caption\":\"Unire\"},\"image\":{\"@id\":\"https:\/\/ficobaunire.org\/#\/schema\/logo\/image\/\"}}]}<\/script>\n<!-- \/ Yoast SEO plugin. -->","yoast_head_json":{"title":"Exhibitors contact - Unire","robots":{"index":"index","follow":"follow","max-snippet":"max-snippet:-1","max-image-preview":"max-image-preview:large","max-video-preview":"max-video-preview:-1"},"canonical":"https:\/\/ficobaunire.org\/?page_id=6222","og_locale":"en_US","og_type":"article","og_title":"Exhibitors contact - Unire","og_description":"EXHIBITOR CONTACT Configurar correo Departamento expositores: Email: info@expounire.org Tel.: +34 943 667788 P\u00f3ngase en contacto con el Departamento comercial para m\u00e1s informaci\u00f3n","og_url":"https:\/\/ficobaunire.org\/?page_id=6222","og_site_name":"Unire","article_modified_time":"2024-11-22T08:25:30+00:00","twitter_card":"summary_large_image","schema":{"@context":"https:\/\/schema.org","@graph":[{"@type":"WebPage","@id":"https:\/\/ficobaunire.org\/?page_id=6222","url":"https:\/\/ficobaunire.org\/?page_id=6222","name":"Exhibitors contact - Unire","isPartOf":{"@id":"https:\/\/ficobaunire.org\/#website"},"datePublished":"2022-06-27T12:52:51+00:00","dateModified":"2024-11-22T08:25:30+00:00","breadcrumb":{"@id":"https:\/\/ficobaunire.org\/?page_id=6222#breadcrumb"},"inLanguage":"en-US","potentialAction":[{"@type":"ReadAction","target":["https:\/\/ficobaunire.org\/?page_id=6222"]}]},{"@type":"BreadcrumbList","@id":"https:\/\/ficobaunire.org\/?page_id=6222#breadcrumb","itemListElement":[{"@type":"ListItem","position":1,"name":"Portada","item":"https:\/\/ficobaunire.org\/en\/home\/"},{"@type":"ListItem","position":2,"name":"Exhibitors contact"}]},{"@type":"WebSite","@id":"https:\/\/ficobaunire.org\/#website","url":"https:\/\/ficobaunire.org\/","name":"Unire","description":"THE TRADE SHOW FOR WELDING AND OTHER JOINING TECHNOLOGIES ","publisher":{"@id":"https:\/\/ficobaunire.org\/#organization"},"potentialAction":[{"@type":"SearchAction","target":{"@type":"EntryPoint","urlTemplate":"https:\/\/ficobaunire.org\/?s={search_term_string}"},"query-input":{"@type":"PropertyValueSpecification","valueRequired":true,"valueName":"search_term_string"}}],"inLanguage":"en-US"},{"@type":"Organization","@id":"https:\/\/ficobaunire.org\/#organization","name":"Unire","url":"https:\/\/ficobaunire.org\/","logo":{"@type":"ImageObject","inLanguage":"en-US","@id":"https:\/\/ficobaunire.org\/#\/schema\/logo\/image\/","url":"https:\/\/ficobaunire.org\/wp-content\/uploads\/2024\/10\/logo_unire_LI.png","contentUrl":"https:\/\/ficobaunire.org\/wp-content\/uploads\/2024\/10\/logo_unire_LI.png","width":130,"height":48,"caption":"Unire"},"image":{"@id":"https:\/\/ficobaunire.org\/#\/schema\/logo\/image\/"}}]}},"_links":{"self":[{"href":"https:\/\/ficobaunire.org\/en\/wp-json\/wp\/v2\/pages\/10969","targetHints":{"allow":["GET"]}}],"collection":[{"href":"https:\/\/ficobaunire.org\/en\/wp-json\/wp\/v2\/pages"}],"about":[{"href":"https:\/\/ficobaunire.org\/en\/wp-json\/wp\/v2\/types\/page"}],"author":[{"embeddable":true,"href":"https:\/\/ficobaunire.org\/en\/wp-json\/wp\/v2\/users\/8"}],"replies":[{"embeddable":true,"href":"https:\/\/ficobaunire.org\/en\/wp-json\/wp\/v2\/comments?post=10969"}],"version-history":[{"count":4,"href":"https:\/\/ficobaunire.org\/en\/wp-json\/wp\/v2\/pages\/10969\/revisions"}],"predecessor-version":[{"id":18522,"href":"https:\/\/ficobaunire.org\/en\/wp-json\/wp\/v2\/pages\/10969\/revisions\/18522"}],"wp:attachment":[{"href":"https:\/\/ficobaunire.org\/en\/wp-json\/wp\/v2\/media?parent=10969"}],"curies":[{"name":"wp","href":"https:\/\/api.w.org\/{rel}","templated":true}]}}