{"id":10762,"date":"2022-06-15T21:54:00","date_gmt":"2022-06-15T21:54:00","guid":{"rendered":"https:\/\/expounire.org\/newsletter\/"},"modified":"2025-07-07T11:11:49","modified_gmt":"2025-07-07T09:11:49","slug":"newsletter","status":"publish","type":"page","link":"https:\/\/ficobaunire.org\/en\/newsletter\/","title":{"rendered":"Newsletter"},"content":{"rendered":"\t\t<div data-elementor-type=\"wp-page\" data-elementor-id=\"10762\" class=\"elementor elementor-10762 elementor-7660\" data-elementor-post-type=\"page\">\n\t\t\t\t<div class=\"elementor-element elementor-element-e0be3c4 e-flex e-con-boxed e-con e-parent\" data-id=\"e0be3c4\" data-element_type=\"container\">\n\t\t\t\t\t<div class=\"e-con-inner\">\n\t\t\t\t<div class=\"elementor-element elementor-element-3c8bfee elementor-widget elementor-widget-heading\" data-id=\"3c8bfee\" data-element_type=\"widget\" data-widget_type=\"heading.default\">\n\t\t\t\t<div class=\"elementor-widget-container\">\n\t\t\t\t\t<h3 class=\"elementor-heading-title elementor-size-default\">Subscribe to the newsletter to receive all the news from UNIRE\n<\/h3>\t\t\t\t<\/div>\n\t\t\t\t<\/div>\n\t\t\t\t<div class=\"elementor-element elementor-element-ec0db26 elementor-widget-divider--view-line elementor-widget elementor-widget-divider\" data-id=\"ec0db26\" data-element_type=\"widget\" data-widget_type=\"divider.default\">\n\t\t\t\t<div class=\"elementor-widget-container\">\n\t\t\t\t\t\t\t<div class=\"elementor-divider\">\n\t\t\t<span class=\"elementor-divider-separator\">\n\t\t\t\t\t\t<\/span>\n\t\t<\/div>\n\t\t\t\t\t\t<\/div>\n\t\t\t\t<\/div>\n\t\t\t\t\t<\/div>\n\t\t\t\t<\/div>\n\t\t<div class=\"elementor-element elementor-element-a23754e e-flex e-con-boxed e-con e-parent\" data-id=\"a23754e\" data-element_type=\"container\">\n\t\t\t\t\t<div class=\"e-con-inner\">\n\t\t\t\t<div class=\"elementor-element elementor-element-4f1e369 elementor-widget elementor-widget-html\" data-id=\"4f1e369\" data-element_type=\"widget\" data-widget_type=\"html.default\">\n\t\t\t\t<div class=\"elementor-widget-container\">\n\t\t\t\t\t<div id=\"mc_embed_shell\">\n      <link href=\"\/\/cdn-images.mailchimp.com\/embedcode\/classic-061523.css\" rel=\"stylesheet\" type=\"text\/css\">\n  <style type=\"text\/css\">\n        #mc_embed_signup{background:#fff; false;clear:left; font:14px Helvetica,Arial,sans-serif; width: 100%;}\n        \/* Add your own Mailchimp form style overrides in your site stylesheet or in this style block.\n           We recommend moving this block and the preceding CSS link to the HEAD of your HTML file. *\/\n<\/style><style type=\"text\/css\">\n        #mc-embedded-subscribe-form input[type=checkbox]{display: inline; width: auto;margin-right: 10px;}\n#mergeRow-gdpr {margin-top: 20px;}\n#mergeRow-gdpr fieldset label {font-weight: normal;}\n#mc-embedded-subscribe-form .mc_fieldset{border:none;min-height: 0px;padding-bottom:0px;}\n<\/style>\n<div id=\"mc_embed_signup\">\n    <form action=\"https:\/\/expounire.us9.list-manage.com\/subscribe\/post?u=f95cb0ef8a821d3a350c07068&amp;id=58edc62795&amp;v_id=4683&amp;f_id=00a72be1f0\" method=\"post\" id=\"mc-embedded-subscribe-form\" name=\"mc-embedded-subscribe-form\" class=\"validate\" target=\"_blank\">\n        <div id=\"mc_embed_signup_scroll\">\n            <div class=\"indicates-required\"><span class=\"asterisk\">*<\/span> indicates required<\/div>\n            <div class=\"mc-field-group\"><label for=\"mce-EMAIL\">Email Address <span class=\"asterisk\">*<\/span><\/label><input type=\"email\" name=\"EMAIL\" class=\"required email\" id=\"mce-EMAIL\" required=\"\" value=\"\"><\/div><div class=\"mc-field-group\"><label for=\"mce-SOCIETE\">Company <\/label><input type=\"text\" name=\"SOCIETE\" class=\" text\" id=\"mce-SOCIETE\" value=\"\"><\/div><div class=\"mc-field-group\"><label for=\"mce-PRENOM\">Name <\/label><input type=\"text\" name=\"PRENOM\" class=\" text\" id=\"mce-PRENOM\" value=\"\"><\/div><div class=\"mc-field-group\"><label for=\"mce-NOM\">Surname <\/label><input type=\"text\" name=\"NOM\" class=\" text\" id=\"mce-NOM\" value=\"\"><\/div><div class=\"mc-field-group input-group\"><strong>What kind of information would you like to receive?<span class=\"asterisk\">*<\/span><\/strong><ul><li><input type=\"radio\" name=\"TINFO\" id=\"mce-TINFO0\" value=\"Exposer au Salon\"><label for=\"mce-TINFO0\"> INFORMATION TO EXHIBIT<\/label><\/li><li><input type=\"radio\" name=\"TINFO\" id=\"mce-TINFO1\" value=\"Visiter le Salon\"><label for=\"mce-TINFO1\"> INFORMATION TO VISIT UNIRE<\/label><\/li><li><input type=\"radio\" name=\"TINFO\" id=\"mce-TINFO2\" value=\"Exposer et visiter le Salon\"><label for=\"mce-TINFO2\"> INFORMATION TO EXHIBIT AND VISIT<\/label><\/li><\/ul><\/div><div class=\"mc-field-group\"><label for=\"mce-MMERGE11\">Country <\/label><input type=\"text\" name=\"MMERGE11\" class=\" text\" id=\"mce-MMERGE11\" value=\"\"><\/div><div id=\"mergeRow-gdpr\" class=\"mergeRow gdpr-mergeRow content__gdprBlock mc-field-group\"><div class=\"content__gdpr\"><label>MARKETING PERMISSIONS<\/label><p>By clicking this box you agree to receive information about UNIRE tradeshow by email\n<\/p><fieldset class=\"mc_fieldset gdprRequired mc-field-group\" name=\"interestgroup_field\"><label class=\"checkbox subfield\" for=\"gdpr31394\"><input type=\"checkbox\" id=\"gdpr_31394\" name=\"gdpr[31394]\" class=\"gdpr\" value=\"Y\"><span>I AGREE TO RECEIVE INFORMATION ABOUT UNIRE BY EMAIL<\/span><\/label><\/fieldset><p>In accordance with the provisions of EU Regulation 2016\/679 and our privacy policy (link), you are hereby informed that the information you provide us with will be incorporated into the FUNDACI\u00d3N FICOBA files in order to inform you about UNIRE. You may exercise your right of access, rectification, deletion and the right to be forgotten, limitation, portability and opposition by writing to FUNDACI\u00d3N FICOBA (Avda. Iparralde, 43. 20302 Irun) or to ficoba@ficoba.org.<\/p><\/div><div class=\"content__gdprLegal\"><p>We use Mailchimp as our marketing platform. By clicking below to subscribe, you acknowledge that your information will be transferred to Mailchimp for processing. <a href=\"https:\/\/mailchimp.com\/legal\/terms\">Learn more<\/a> about Mailchimp's privacy practices.<\/p><\/div><\/div>\n        <div id=\"mce-responses\" class=\"clear\">\n            <div class=\"response\" id=\"mce-error-response\" style=\"display: none;\"><\/div>\n            <div class=\"response\" id=\"mce-success-response\" style=\"display: none;\"><\/div>\n        <\/div><div aria-hidden=\"true\" style=\"position: absolute; left: -5000px;\"><input type=\"text\" name=\"b_f95cb0ef8a821d3a350c07068_58edc62795\" tabindex=\"-1\" value=\"\"><\/div><div class=\"clear\"><input type=\"submit\" name=\"subscribe\" id=\"mc-embedded-subscribe\" class=\"button\" value=\"Subscribe\"><\/div>\n    <\/div>\n<\/form>\n<\/div>\n<script type=\"text\/javascript\" src=\"\/\/s3.amazonaws.com\/downloads.mailchimp.com\/js\/mc-validate.js\"><\/script><script type=\"text\/javascript\">(function($) {window.fnames = new Array(); window.ftypes = new Array();fnames[0]='EMAIL';ftypes[0]='email';fnames[5]='SOCIETE';ftypes[5]='text';fnames[1]='PRENOM';ftypes[1]='text';fnames[3]='NOM';ftypes[3]='text';fnames[10]='TINFO';ftypes[10]='radio';fnames[11]='MMERGE11';ftypes[11]='text';fnames[2]='CARGO';ftypes[2]='text';fnames[4]='CP';ftypes[4]='text';fnames[6]='POBLACION';ftypes[6]='text';fnames[7]='TFIJO';ftypes[7]='text';fnames[8]='MMERGE8';ftypes[8]='text';fnames[9]='IDIOMA';ftypes[9]='text';\/*\n * Translated default messages for the $ validation plugin.\n * Locale: FR\n *\/\n$.extend($.validator.messages, {\n        required: \"Ce champ est requis.\",\n        remote: \"Veuillez remplir ce champ pour continuer.\",\n        email: \"Veuillez entrer une adresse email valide.\",\n        url: \"Veuillez entrer une URL valide.\",\n        date: \"Veuillez entrer une date valide.\",\n        dateISO: \"Veuillez entrer une date valide (ISO).\",\n        number: \"Veuillez entrer un nombre valide.\",\n        digits: \"Veuillez entrer (seulement) une valeur num\u00e9rique.\",\n        creditcard: \"Veuillez entrer un num\u00e9ro de carte de cr\u00e9dit valide.\",\n        equalTo: \"Veuillez entrer une nouvelle fois la m\u00eame valeur.\",\n        accept: \"Veuillez entrer une valeur avec une extension valide.\",\n        maxlength: $.validator.format(\"Veuillez ne pas entrer plus de {0} caract\u00e8res.\"),\n        minlength: $.validator.format(\"Veuillez entrer au moins {0} caract\u00e8res.\"),\n        rangelength: $.validator.format(\"Veuillez entrer entre {0} et {1} caract\u00e8res.\"),\n        range: $.validator.format(\"Veuillez entrer une valeur entre {0} et {1}.\"),\n        max: $.validator.format(\"Veuillez entrer une valeur inf\u00e9rieure ou \u00e9gale \u00e0 {0}.\"),\n        min: $.validator.format(\"Veuillez entrer une valeur sup\u00e9rieure ou \u00e9gale \u00e0 {0}.\")\n});}(jQuery));var $mcj = jQuery.noConflict(true);<\/script><\/div>\n\t\t\t\t<\/div>\n\t\t\t\t<\/div>\n\t\t\t\t\t<\/div>\n\t\t\t\t<\/div>\n\t\t\t\t<\/div>\n\t\t","protected":false},"excerpt":{"rendered":"<p>Subscribe to the newsletter to receive all the news from UNIRE * indicates required Email Address *Company Name Surname What kind of information would you like to receive?* INFORMATION TO EXHIBIT INFORMATION TO VISIT UNIRE INFORMATION TO EXHIBIT AND VISIT Country MARKETING PERMISSIONS By clicking this box you agree to receive information about UNIRE tradeshow [&hellip;]<\/p>\n","protected":false},"author":8,"featured_media":0,"parent":0,"menu_order":0,"comment_status":"closed","ping_status":"closed","template":"","meta":{"footnotes":""},"class_list":["post-10762","page","type-page","status-publish","hentry"],"yoast_head":"<!-- This site is optimized with the Yoast SEO plugin v26.8 - https:\/\/yoast.com\/product\/yoast-seo-wordpress\/ -->\n<title>Newsletter - Unire<\/title>\n<meta name=\"robots\" content=\"index, follow, max-snippet:-1, max-image-preview:large, max-video-preview:-1\" \/>\n<link rel=\"canonical\" href=\"https:\/\/ficobaunire.org\/en\/newsletter\/\" \/>\n<meta property=\"og:locale\" content=\"en_US\" \/>\n<meta property=\"og:type\" content=\"article\" \/>\n<meta property=\"og:title\" content=\"Newsletter - Unire\" \/>\n<meta property=\"og:description\" content=\"Subscribe to the newsletter to receive all the news from UNIRE * indicates required Email Address *Company Name Surname What kind of information would you like to receive?* INFORMATION TO EXHIBIT INFORMATION TO VISIT UNIRE INFORMATION TO EXHIBIT AND VISIT Country MARKETING PERMISSIONS By clicking this box you agree to receive information about UNIRE tradeshow [&hellip;]\" \/>\n<meta property=\"og:url\" content=\"https:\/\/ficobaunire.org\/en\/newsletter\/\" \/>\n<meta property=\"og:site_name\" content=\"Unire\" \/>\n<meta property=\"article:modified_time\" content=\"2025-07-07T09:11:49+00:00\" \/>\n<meta name=\"twitter:card\" content=\"summary_large_image\" \/>\n<meta name=\"twitter:label1\" content=\"Est. reading time\" \/>\n\t<meta name=\"twitter:data1\" content=\"1 minute\" \/>\n<script type=\"application\/ld+json\" class=\"yoast-schema-graph\">{\"@context\":\"https:\/\/schema.org\",\"@graph\":[{\"@type\":\"WebPage\",\"@id\":\"https:\/\/ficobaunire.org\/en\/newsletter\/\",\"url\":\"https:\/\/ficobaunire.org\/en\/newsletter\/\",\"name\":\"Newsletter - Unire\",\"isPartOf\":{\"@id\":\"https:\/\/ficobaunire.org\/#website\"},\"datePublished\":\"2022-06-15T21:54:00+00:00\",\"dateModified\":\"2025-07-07T09:11:49+00:00\",\"breadcrumb\":{\"@id\":\"https:\/\/ficobaunire.org\/en\/newsletter\/#breadcrumb\"},\"inLanguage\":\"en-US\",\"potentialAction\":[{\"@type\":\"ReadAction\",\"target\":[\"https:\/\/ficobaunire.org\/en\/newsletter\/\"]}]},{\"@type\":\"BreadcrumbList\",\"@id\":\"https:\/\/ficobaunire.org\/en\/newsletter\/#breadcrumb\",\"itemListElement\":[{\"@type\":\"ListItem\",\"position\":1,\"name\":\"Portada\",\"item\":\"https:\/\/ficobaunire.org\/en\/home\/\"},{\"@type\":\"ListItem\",\"position\":2,\"name\":\"Newsletter\"}]},{\"@type\":\"WebSite\",\"@id\":\"https:\/\/ficobaunire.org\/#website\",\"url\":\"https:\/\/ficobaunire.org\/\",\"name\":\"Unire\",\"description\":\"THE TRADE SHOW FOR WELDING AND OTHER JOINING TECHNOLOGIES \",\"publisher\":{\"@id\":\"https:\/\/ficobaunire.org\/#organization\"},\"potentialAction\":[{\"@type\":\"SearchAction\",\"target\":{\"@type\":\"EntryPoint\",\"urlTemplate\":\"https:\/\/ficobaunire.org\/?s={search_term_string}\"},\"query-input\":{\"@type\":\"PropertyValueSpecification\",\"valueRequired\":true,\"valueName\":\"search_term_string\"}}],\"inLanguage\":\"en-US\"},{\"@type\":\"Organization\",\"@id\":\"https:\/\/ficobaunire.org\/#organization\",\"name\":\"Unire\",\"url\":\"https:\/\/ficobaunire.org\/\",\"logo\":{\"@type\":\"ImageObject\",\"inLanguage\":\"en-US\",\"@id\":\"https:\/\/ficobaunire.org\/#\/schema\/logo\/image\/\",\"url\":\"https:\/\/ficobaunire.org\/wp-content\/uploads\/2024\/10\/logo_unire_LI.png\",\"contentUrl\":\"https:\/\/ficobaunire.org\/wp-content\/uploads\/2024\/10\/logo_unire_LI.png\",\"width\":130,\"height\":48,\"caption\":\"Unire\"},\"image\":{\"@id\":\"https:\/\/ficobaunire.org\/#\/schema\/logo\/image\/\"}}]}<\/script>\n<!-- \/ Yoast SEO plugin. -->","yoast_head_json":{"title":"Newsletter - Unire","robots":{"index":"index","follow":"follow","max-snippet":"max-snippet:-1","max-image-preview":"max-image-preview:large","max-video-preview":"max-video-preview:-1"},"canonical":"https:\/\/ficobaunire.org\/en\/newsletter\/","og_locale":"en_US","og_type":"article","og_title":"Newsletter - Unire","og_description":"Subscribe to the newsletter to receive all the news from UNIRE * indicates required Email Address *Company Name Surname What kind of information would you like to receive?* INFORMATION TO EXHIBIT INFORMATION TO VISIT UNIRE INFORMATION TO EXHIBIT AND VISIT Country MARKETING PERMISSIONS By clicking this box you agree to receive information about UNIRE tradeshow [&hellip;]","og_url":"https:\/\/ficobaunire.org\/en\/newsletter\/","og_site_name":"Unire","article_modified_time":"2025-07-07T09:11:49+00:00","twitter_card":"summary_large_image","twitter_misc":{"Est. reading time":"1 minute"},"schema":{"@context":"https:\/\/schema.org","@graph":[{"@type":"WebPage","@id":"https:\/\/ficobaunire.org\/en\/newsletter\/","url":"https:\/\/ficobaunire.org\/en\/newsletter\/","name":"Newsletter - Unire","isPartOf":{"@id":"https:\/\/ficobaunire.org\/#website"},"datePublished":"2022-06-15T21:54:00+00:00","dateModified":"2025-07-07T09:11:49+00:00","breadcrumb":{"@id":"https:\/\/ficobaunire.org\/en\/newsletter\/#breadcrumb"},"inLanguage":"en-US","potentialAction":[{"@type":"ReadAction","target":["https:\/\/ficobaunire.org\/en\/newsletter\/"]}]},{"@type":"BreadcrumbList","@id":"https:\/\/ficobaunire.org\/en\/newsletter\/#breadcrumb","itemListElement":[{"@type":"ListItem","position":1,"name":"Portada","item":"https:\/\/ficobaunire.org\/en\/home\/"},{"@type":"ListItem","position":2,"name":"Newsletter"}]},{"@type":"WebSite","@id":"https:\/\/ficobaunire.org\/#website","url":"https:\/\/ficobaunire.org\/","name":"Unire","description":"THE TRADE SHOW FOR WELDING AND OTHER JOINING TECHNOLOGIES ","publisher":{"@id":"https:\/\/ficobaunire.org\/#organization"},"potentialAction":[{"@type":"SearchAction","target":{"@type":"EntryPoint","urlTemplate":"https:\/\/ficobaunire.org\/?s={search_term_string}"},"query-input":{"@type":"PropertyValueSpecification","valueRequired":true,"valueName":"search_term_string"}}],"inLanguage":"en-US"},{"@type":"Organization","@id":"https:\/\/ficobaunire.org\/#organization","name":"Unire","url":"https:\/\/ficobaunire.org\/","logo":{"@type":"ImageObject","inLanguage":"en-US","@id":"https:\/\/ficobaunire.org\/#\/schema\/logo\/image\/","url":"https:\/\/ficobaunire.org\/wp-content\/uploads\/2024\/10\/logo_unire_LI.png","contentUrl":"https:\/\/ficobaunire.org\/wp-content\/uploads\/2024\/10\/logo_unire_LI.png","width":130,"height":48,"caption":"Unire"},"image":{"@id":"https:\/\/ficobaunire.org\/#\/schema\/logo\/image\/"}}]}},"_links":{"self":[{"href":"https:\/\/ficobaunire.org\/en\/wp-json\/wp\/v2\/pages\/10762","targetHints":{"allow":["GET"]}}],"collection":[{"href":"https:\/\/ficobaunire.org\/en\/wp-json\/wp\/v2\/pages"}],"about":[{"href":"https:\/\/ficobaunire.org\/en\/wp-json\/wp\/v2\/types\/page"}],"author":[{"embeddable":true,"href":"https:\/\/ficobaunire.org\/en\/wp-json\/wp\/v2\/users\/8"}],"replies":[{"embeddable":true,"href":"https:\/\/ficobaunire.org\/en\/wp-json\/wp\/v2\/comments?post=10762"}],"version-history":[{"count":23,"href":"https:\/\/ficobaunire.org\/en\/wp-json\/wp\/v2\/pages\/10762\/revisions"}],"predecessor-version":[{"id":22804,"href":"https:\/\/ficobaunire.org\/en\/wp-json\/wp\/v2\/pages\/10762\/revisions\/22804"}],"wp:attachment":[{"href":"https:\/\/ficobaunire.org\/en\/wp-json\/wp\/v2\/media?parent=10762"}],"curies":[{"name":"wp","href":"https:\/\/api.w.org\/{rel}","templated":true}]}}